{"id":12640,"date":"2025-04-29T15:45:26","date_gmt":"2025-04-29T15:45:26","guid":{"rendered":"https:\/\/www.h2o-am.com\/?page_id=12640"},"modified":"2025-04-29T15:53:22","modified_gmt":"2025-04-29T15:53:22","slug":"fonds-cantonnes","status":"publish","type":"page","link":"https:\/\/www.h2o-am.com\/fr\/fonds-cantonnes\/","title":{"rendered":"Fonds cantonn\u00e9s"},"content":{"rendered":"\t\t<div data-elementor-type=\"wp-page\" data-elementor-id=\"12640\" class=\"elementor elementor-12640\" data-elementor-post-type=\"page\">\n\t\t\t\t\t\t<section class=\"elementor-section elementor-top-section elementor-element elementor-element-9c2444e elementor-section-full_width elementor-section-height-default elementor-section-height-default\" data-id=\"9c2444e\" data-element_type=\"section\" data-e-type=\"section\">\n\t\t\t\t\t\t<div class=\"elementor-container elementor-column-gap-default\">\n\t\t\t\t\t<div class=\"elementor-column elementor-col-50 elementor-top-column elementor-element elementor-element-e31d327\" data-id=\"e31d327\" data-element_type=\"column\" data-e-type=\"column\">\n\t\t\t<div class=\"elementor-widget-wrap elementor-element-populated\">\n\t\t\t\t\t\t<section class=\"elementor-section elementor-inner-section elementor-element elementor-element-12b102c elementor-section-height-min-height elementor-section-content-middle elementor-section-boxed elementor-section-height-default\" data-id=\"12b102c\" data-element_type=\"section\" data-e-type=\"section\">\n\t\t\t\t\t\t<div class=\"elementor-container elementor-column-gap-default\">\n\t\t\t\t\t<div class=\"elementor-column elementor-col-100 elementor-inner-column elementor-element elementor-element-72dff0b\" data-id=\"72dff0b\" data-element_type=\"column\" data-e-type=\"column\" data-settings=\"{&quot;background_background&quot;:&quot;classic&quot;}\">\n\t\t\t<div class=\"elementor-widget-wrap elementor-element-populated\">\n\t\t\t\t\t\t<div class=\"elementor-element elementor-element-fa696f3 elementor-widget elementor-widget-heading\" data-id=\"fa696f3\" data-element_type=\"widget\" data-e-type=\"widget\" data-widget_type=\"heading.default\">\n\t\t\t\t<div class=\"elementor-widget-container\">\n\t\t\t\t\t<h2 class=\"elementor-heading-title elementor-size-default\">Fonds cantonn\u00e9s<\/h2>\t\t\t\t<\/div>\n\t\t\t\t<\/div>\n\t\t\t\t\t<\/div>\n\t\t<\/div>\n\t\t\t\t\t<\/div>\n\t\t<\/section>\n\t\t\t\t\t<\/div>\n\t\t<\/div>\n\t\t\t\t<div class=\"elementor-column elementor-col-50 elementor-top-column elementor-element elementor-element-2dd6251\" data-id=\"2dd6251\" data-element_type=\"column\" data-e-type=\"column\">\n\t\t\t<div class=\"elementor-widget-wrap elementor-element-populated\">\n\t\t\t\t\t\t<div class=\"elementor-element elementor-element-21fdf94 elementor-widget elementor-widget-image\" data-id=\"21fdf94\" data-element_type=\"widget\" data-e-type=\"widget\" data-widget_type=\"image.default\">\n\t\t\t\t<div class=\"elementor-widget-container\">\n\t\t\t\t\t\t\t\t\t\t\t\t\t\t\t<img fetchpriority=\"high\" decoding=\"async\" width=\"800\" height=\"800\" src=\"https:\/\/www.h2o-am.com\/wp-content\/uploads\/2023\/12\/Visuel-H2o-04-1024x1024.jpg\" class=\"attachment-large size-large wp-image-5654\" alt=\"\" srcset=\"https:\/\/www.h2o-am.com\/wp-content\/uploads\/2023\/12\/Visuel-H2o-04-1024x1024.jpg 1024w, https:\/\/www.h2o-am.com\/wp-content\/uploads\/2023\/12\/Visuel-H2o-04-300x300.jpg 300w, https:\/\/www.h2o-am.com\/wp-content\/uploads\/2023\/12\/Visuel-H2o-04-150x150.jpg 150w, https:\/\/www.h2o-am.com\/wp-content\/uploads\/2023\/12\/Visuel-H2o-04-768x768.jpg 768w, https:\/\/www.h2o-am.com\/wp-content\/uploads\/2023\/12\/Visuel-H2o-04-1536x1536.jpg 1536w, https:\/\/www.h2o-am.com\/wp-content\/uploads\/2023\/12\/Visuel-H2o-04.jpg 2000w\" sizes=\"(max-width: 800px) 100vw, 800px\" \/>\t\t\t\t\t\t\t\t\t\t\t\t\t\t\t<\/div>\n\t\t\t\t<\/div>\n\t\t\t\t\t<\/div>\n\t\t<\/div>\n\t\t\t\t\t<\/div>\n\t\t<\/section>\n\t\t\t\t<section class=\"elementor-section elementor-top-section elementor-element elementor-element-9141abc elementor-section-boxed elementor-section-height-default elementor-section-height-default\" data-id=\"9141abc\" data-element_type=\"section\" data-e-type=\"section\">\n\t\t\t\t\t\t<div class=\"elementor-container elementor-column-gap-default\">\n\t\t\t\t\t<div class=\"elementor-column elementor-col-100 elementor-top-column elementor-element elementor-element-9d54edd\" data-id=\"9d54edd\" data-element_type=\"column\" data-e-type=\"column\">\n\t\t\t<div class=\"elementor-widget-wrap elementor-element-populated\">\n\t\t\t\t\t\t<div class=\"elementor-element elementor-element-88b5336 elementor-widget elementor-widget-spacer\" data-id=\"88b5336\" data-element_type=\"widget\" data-e-type=\"widget\" data-widget_type=\"spacer.default\">\n\t\t\t\t<div class=\"elementor-widget-container\">\n\t\t\t\t\t\t\t<div class=\"elementor-spacer\">\n\t\t\t<div class=\"elementor-spacer-inner\"><\/div>\n\t\t<\/div>\n\t\t\t\t\t\t<\/div>\n\t\t\t\t<\/div>\n\t\t\t\t\t<\/div>\n\t\t<\/div>\n\t\t\t\t\t<\/div>\n\t\t<\/section>\n\t\t\t\t<section class=\"elementor-section elementor-top-section elementor-element elementor-element-b8ea9cb elementor-section-boxed elementor-section-height-default elementor-section-height-default\" data-id=\"b8ea9cb\" data-element_type=\"section\" data-e-type=\"section\">\n\t\t\t\t\t\t<div class=\"elementor-container elementor-column-gap-default\">\n\t\t\t\t\t<div class=\"elementor-column elementor-col-50 elementor-top-column elementor-element elementor-element-6007da1\" data-id=\"6007da1\" data-element_type=\"column\" data-e-type=\"column\">\n\t\t\t<div class=\"elementor-widget-wrap elementor-element-populated\">\n\t\t\t\t\t\t<div class=\"elementor-element elementor-element-eddf31f elementor-align-justify elementor-widget-laptop__width-initial elementor-widget elementor-widget-button\" data-id=\"eddf31f\" data-element_type=\"widget\" data-e-type=\"widget\" data-widget_type=\"button.default\">\n\t\t\t\t<div class=\"elementor-widget-container\">\n\t\t\t\t\t\t\t\t\t<div class=\"elementor-button-wrapper\">\n\t\t\t\t\t<a class=\"elementor-button elementor-button-link elementor-size-sm\" href=\"#cp\">\n\t\t\t\t\t\t<span class=\"elementor-button-content-wrapper\">\n\t\t\t\t\t\t\t\t\t<span class=\"elementor-button-text\">Communiqu\u00e9 de Presse<\/span>\n\t\t\t\t\t<\/span>\n\t\t\t\t\t<\/a>\n\t\t\t\t<\/div>\n\t\t\t\t\t\t\t\t<\/div>\n\t\t\t\t<\/div>\n\t\t\t\t\t<\/div>\n\t\t<\/div>\n\t\t\t\t<div class=\"elementor-column elementor-col-50 elementor-top-column elementor-element elementor-element-1bf7514\" data-id=\"1bf7514\" data-element_type=\"column\" data-e-type=\"column\">\n\t\t\t<div class=\"elementor-widget-wrap elementor-element-populated\">\n\t\t\t\t\t\t<div class=\"elementor-element elementor-element-e25bc04 elementor-align-justify elementor-widget elementor-widget-button\" data-id=\"e25bc04\" data-element_type=\"widget\" data-e-type=\"widget\" data-widget_type=\"button.default\">\n\t\t\t\t<div class=\"elementor-widget-container\">\n\t\t\t\t\t\t\t\t\t<div class=\"elementor-button-wrapper\">\n\t\t\t\t\t<a class=\"elementor-button elementor-button-link elementor-size-sm\" href=\"#video\">\n\t\t\t\t\t\t<span class=\"elementor-button-content-wrapper\">\n\t\t\t\t\t\t\t\t\t<span class=\"elementor-button-text\">Vid\u00e9o : Retour sur l\u2019Offre de sortie d\u00e9finitive des fonds cantonn\u00e9s<\/span>\n\t\t\t\t\t<\/span>\n\t\t\t\t\t<\/a>\n\t\t\t\t<\/div>\n\t\t\t\t\t\t\t\t<\/div>\n\t\t\t\t<\/div>\n\t\t\t\t\t<\/div>\n\t\t<\/div>\n\t\t\t\t\t<\/div>\n\t\t<\/section>\n\t\t\t\t<section class=\"elementor-section elementor-top-section elementor-element elementor-element-5215b2f elementor-section-boxed elementor-section-height-default elementor-section-height-default\" data-id=\"5215b2f\" data-element_type=\"section\" data-e-type=\"section\">\n\t\t\t\t\t\t<div class=\"elementor-container elementor-column-gap-default\">\n\t\t\t\t\t<div class=\"elementor-column elementor-col-100 elementor-top-column elementor-element elementor-element-6680bf8\" data-id=\"6680bf8\" data-element_type=\"column\" data-e-type=\"column\">\n\t\t\t<div class=\"elementor-widget-wrap elementor-element-populated\">\n\t\t\t\t\t\t<div class=\"elementor-element elementor-element-b1b7aa2 elementor-widget elementor-widget-menu-anchor\" data-id=\"b1b7aa2\" data-element_type=\"widget\" data-e-type=\"widget\" data-widget_type=\"menu-anchor.default\">\n\t\t\t\t<div class=\"elementor-widget-container\">\n\t\t\t\t\t\t\t<div class=\"elementor-menu-anchor\" id=\"cp\"><\/div>\n\t\t\t\t\t\t<\/div>\n\t\t\t\t<\/div>\n\t\t\t\t\t<\/div>\n\t\t<\/div>\n\t\t\t\t\t<\/div>\n\t\t<\/section>\n\t\t\t\t<section class=\"elementor-section elementor-top-section elementor-element elementor-element-0e2f69b elementor-section-boxed elementor-section-height-default elementor-section-height-default\" data-id=\"0e2f69b\" data-element_type=\"section\" data-e-type=\"section\">\n\t\t\t\t\t\t<div class=\"elementor-container elementor-column-gap-default\">\n\t\t\t\t\t<div class=\"elementor-column elementor-col-100 elementor-top-column elementor-element elementor-element-a3c8c2f\" data-id=\"a3c8c2f\" data-element_type=\"column\" data-e-type=\"column\">\n\t\t\t<div class=\"elementor-widget-wrap elementor-element-populated\">\n\t\t\t\t\t\t<div class=\"elementor-element elementor-element-4573057 elementor-widget elementor-widget-text-editor\" data-id=\"4573057\" data-element_type=\"widget\" data-e-type=\"widget\" data-widget_type=\"text-editor.default\">\n\t\t\t\t<div class=\"elementor-widget-container\">\n\t\t\t\t\t\t\t\t\t<p><span style=\"font-weight: bolder;\"><br><\/span><\/p><p><span style=\"font-weight: bolder;\">Le taux de participation \u00e0 l\u2019Offre propos\u00e9e par H2O AM LLP, lanc\u00e9e le 15 octobre 2024 et cl\u00f4tur\u00e9e le 24 janvier 2025, est de 79,54% des encours des fonds cantonn\u00e9s. Les porteurs ayant particip\u00e9 \u00e0 l\u2019Offre restent \u00e9ligibles \u00e0 tout remboursement futur, processus dans lequel H2O AM reste pleinement engag\u00e9.<\/span><\/p>\n<p>Ainsi, les porteurs ayant vendu leurs parts de FCP le 14 octobre 2020 et accept\u00e9 l\u2019Offre recouvreront, selon les fonds, au minimum entre 87,10% et 93,56%* de la valeur de leur investissement total \u00e0 la date de suspension, le 28 ao\u00fbt 2020.<\/p>\n<p>H2O AM tient \u00e0 remercier l\u2019ensemble des porteurs ayant particip\u00e9 \u00e0 l\u2019Offre ainsi que ses partenaires, qui ont jou\u00e9 un r\u00f4le essentiel en les accompagnant tout au long de ce processus. Enfin, les \u00e9quipes d\u2019H2O AM souhaitent saluer l\u2019implication des d\u00e9positaires, teneurs de comptes et adh\u00e9rents d\u2019Euroclear France.<\/p>\n<p>Le prix par part dans le cadre de l\u2019Offre est disponible sur le site H2O AM et la date de paiement aux adh\u00e9rents d\u2019Euroclear France reste programm\u00e9e pour la fin du mois de mars 2025. Un d\u00e9lai pour la r\u00e9ception des paiements, d\u00e9pendant de la dur\u00e9e de traitement de l\u2019op\u00e9ration par les diff\u00e9rents interm\u00e9diaires, est \u00e0 pr\u00e9voir.<\/p>\n<p>Pour toute question, nous invitons les porteurs \u00e0 contacter leur interm\u00e9diaire financier habituel ou leur repr\u00e9sentant H2O AM.<\/p>\n<p><em>*calcul effectu\u00e9 sur la base des parts R \u2013 EUR, incluant les deux remboursements des fonds cantonn\u00e9s.<\/em><\/p>\n<p><img decoding=\"async\" class=\"aligncenter\" src=\"https:\/\/www.h2o-am.com\/wp-content\/uploads\/2025\/03\/adagio-2.png\"><\/p>\n<p><img decoding=\"async\" class=\"aligncenter\" src=\"https:\/\/www.h2o-am.com\/wp-content\/uploads\/2025\/03\/allegro-1.png\"><\/p>\n<p><img decoding=\"async\" class=\"aligncenter\" src=\"https:\/\/www.h2o-am.com\/wp-content\/uploads\/2025\/03\/moderato-1.png\"><\/p>\n<p><img decoding=\"async\" class=\"aligncenter\" src=\"https:\/\/www.h2o-am.com\/wp-content\/uploads\/2025\/03\/multibonds-1.png\"><\/p>\n<p><img decoding=\"async\" class=\"aligncenter\" src=\"https:\/\/www.h2o-am.com\/wp-content\/uploads\/2025\/03\/multiequities-1.png\"><\/p>\n<p><img decoding=\"async\" class=\"aligncenter\" src=\"https:\/\/www.h2o-am.com\/wp-content\/uploads\/2025\/03\/multristrat.png\"><\/p>\n<p><img decoding=\"async\" class=\"aligncenter\" src=\"https:\/\/www.h2o-am.com\/wp-content\/uploads\/2025\/03\/vivace-2.png\"><\/p>\n<p><strong>Taux de Participation<\/strong>&nbsp;: Le taux de participation \u00e0 l\u2019Offre, calcul\u00e9 pour chaque Fonds Cantonn\u00e9 par r\u00e9f\u00e9rence \u00e0 la valeur des Parts d\u00e9tenues par les Porteurs Participants &nbsp;proportionnellement \u00e0 la valeur totale de ce Fonds Cantonn\u00e9 au cours du &nbsp;processus de cantonnement, tel que d\u00e9crit dans l\u2019Annexe 1.B du Protocole &nbsp;Transactionnel.<\/p>\n<p id=\"video\"><strong>Prix de Cession<\/strong>&nbsp;: Le prix d\u00e9termin\u00e9 conform\u00e9ment aux termes et conditions d\u00e9crits dans le document intitul\u00e9 \u00ab D\u00e9termination du Prix de Cession \u00bb figurant \u00e0 l\u2019annexe &nbsp;1.B du Protocole Transactionnel.<\/p>\t\t\t\t\t\t\t\t<\/div>\n\t\t\t\t<\/div>\n\t\t\t\t\t<\/div>\n\t\t<\/div>\n\t\t\t\t\t<\/div>\n\t\t<\/section>\n\t\t\t\t<section class=\"elementor-section elementor-top-section elementor-element elementor-element-9f0008f elementor-section-boxed elementor-section-height-default elementor-section-height-default\" data-id=\"9f0008f\" data-element_type=\"section\" data-e-type=\"section\">\n\t\t\t\t\t\t<div class=\"elementor-container elementor-column-gap-default\">\n\t\t\t\t\t<div class=\"elementor-column elementor-col-100 elementor-top-column elementor-element elementor-element-b04f659\" data-id=\"b04f659\" data-element_type=\"column\" data-e-type=\"column\">\n\t\t\t<div class=\"elementor-widget-wrap elementor-element-populated\">\n\t\t\t\t\t\t<div class=\"elementor-element elementor-element-d65829e elementor-widget elementor-widget-menu-anchor\" data-id=\"d65829e\" data-element_type=\"widget\" data-e-type=\"widget\" data-widget_type=\"menu-anchor.default\">\n\t\t\t\t<div class=\"elementor-widget-container\">\n\t\t\t\t\t\t\t<div class=\"elementor-menu-anchor\" id=\"video\"><\/div>\n\t\t\t\t\t\t<\/div>\n\t\t\t\t<\/div>\n\t\t\t\t\t<\/div>\n\t\t<\/div>\n\t\t\t\t\t<\/div>\n\t\t<\/section>\n\t\t\t\t<section class=\"elementor-section elementor-top-section elementor-element elementor-element-50e6231 elementor-section-boxed elementor-section-height-default elementor-section-height-default\" data-id=\"50e6231\" data-element_type=\"section\" data-e-type=\"section\">\n\t\t\t\t\t\t<div class=\"elementor-container elementor-column-gap-default\">\n\t\t\t\t\t<div class=\"elementor-column elementor-col-100 elementor-top-column elementor-element elementor-element-6b2e541\" data-id=\"6b2e541\" data-element_type=\"column\" data-e-type=\"column\">\n\t\t\t<div class=\"elementor-widget-wrap elementor-element-populated\">\n\t\t\t\t\t\t<div class=\"elementor-element elementor-element-557184f elementor-widget elementor-widget-text-editor\" data-id=\"557184f\" data-element_type=\"widget\" data-e-type=\"widget\" data-widget_type=\"text-editor.default\">\n\t\t\t\t<div class=\"elementor-widget-container\">\n\t\t\t\t\t\t\t\t\t<p><span style=\"font-weight: bolder;\">Retour sur l\u2019Offre de sortie d\u00e9finitive des fonds cantonn\u00e9s<\/span><\/p>\t\t\t\t\t\t\t\t<\/div>\n\t\t\t\t<\/div>\n\t\t\t\t\t<\/div>\n\t\t<\/div>\n\t\t\t\t\t<\/div>\n\t\t<\/section>\n\t\t\t\t<section class=\"elementor-section elementor-top-section elementor-element elementor-element-516eb8c elementor-section-boxed elementor-section-height-default elementor-section-height-default\" data-id=\"516eb8c\" data-element_type=\"section\" data-e-type=\"section\">\n\t\t\t\t\t\t<div class=\"elementor-container elementor-column-gap-default\">\n\t\t\t\t\t<div class=\"elementor-column elementor-col-100 elementor-top-column elementor-element elementor-element-758702a\" data-id=\"758702a\" data-element_type=\"column\" data-e-type=\"column\">\n\t\t\t<div class=\"elementor-widget-wrap elementor-element-populated\">\n\t\t\t\t\t\t<div class=\"elementor-element elementor-element-3857191 elementor-widget elementor-widget-spacer\" data-id=\"3857191\" data-element_type=\"widget\" data-e-type=\"widget\" data-widget_type=\"spacer.default\">\n\t\t\t\t<div class=\"elementor-widget-container\">\n\t\t\t\t\t\t\t<div class=\"elementor-spacer\">\n\t\t\t<div class=\"elementor-spacer-inner\"><\/div>\n\t\t<\/div>\n\t\t\t\t\t\t<\/div>\n\t\t\t\t<\/div>\n\t\t\t\t\t<\/div>\n\t\t<\/div>\n\t\t\t\t\t<\/div>\n\t\t<\/section>\n\t\t\t\t<section class=\"elementor-section elementor-top-section elementor-element elementor-element-870d27a elementor-section-boxed elementor-section-height-default elementor-section-height-default\" data-id=\"870d27a\" data-element_type=\"section\" data-e-type=\"section\">\n\t\t\t\t\t\t<div class=\"elementor-container elementor-column-gap-default\">\n\t\t\t\t\t<div class=\"elementor-column elementor-col-100 elementor-top-column elementor-element elementor-element-2254dcd\" data-id=\"2254dcd\" data-element_type=\"column\" data-e-type=\"column\">\n\t\t\t<div class=\"elementor-widget-wrap elementor-element-populated\">\n\t\t\t\t\t\t<div class=\"elementor-element elementor-element-3074d71 elementor-widget elementor-widget-video\" data-id=\"3074d71\" data-element_type=\"widget\" data-e-type=\"widget\" data-settings=\"{&quot;video_type&quot;:&quot;vimeo&quot;}\" data-widget_type=\"video.default\">\n\t\t\t\t<div class=\"elementor-widget-container\">\n\t\t\t\t\t\t\t<div class=\"elementor-wrapper elementor-open-inline\">\n\t\t\t<iframe class=\"elementor-video-iframe\" allowfullscreen allow=\"clipboard-write\" title=\"Lecteur vid\u00e9o vimeo\" src=\"https:\/\/player.vimeo.com\/video\/1074357457?color&amp;autopause=0&amp;loop=0&amp;muted=0&amp;title=1&amp;portrait=1&amp;byline=1&amp;h=b9de147725#t=\"><\/iframe>\t\t<\/div>\n\t\t\t\t\t\t<\/div>\n\t\t\t\t<\/div>\n\t\t\t\t\t<\/div>\n\t\t<\/div>\n\t\t\t\t\t<\/div>\n\t\t<\/section>\n\t\t\t\t<section class=\"elementor-section elementor-top-section elementor-element elementor-element-891851b elementor-section-boxed elementor-section-height-default elementor-section-height-default\" data-id=\"891851b\" data-element_type=\"section\" data-e-type=\"section\">\n\t\t\t\t\t\t<div class=\"elementor-container elementor-column-gap-default\">\n\t\t\t\t\t<div class=\"elementor-column elementor-col-100 elementor-top-column elementor-element elementor-element-1902b5d\" data-id=\"1902b5d\" data-element_type=\"column\" data-e-type=\"column\">\n\t\t\t<div class=\"elementor-widget-wrap elementor-element-populated\">\n\t\t\t\t\t\t<div class=\"elementor-element elementor-element-3c24b73 elementor-widget elementor-widget-spacer\" data-id=\"3c24b73\" data-element_type=\"widget\" data-e-type=\"widget\" data-widget_type=\"spacer.default\">\n\t\t\t\t<div class=\"elementor-widget-container\">\n\t\t\t\t\t\t\t<div class=\"elementor-spacer\">\n\t\t\t<div class=\"elementor-spacer-inner\"><\/div>\n\t\t<\/div>\n\t\t\t\t\t\t<\/div>\n\t\t\t\t<\/div>\n\t\t\t\t\t<\/div>\n\t\t<\/div>\n\t\t\t\t\t<\/div>\n\t\t<\/section>\n\t\t\t\t<section class=\"elementor-section elementor-top-section elementor-element elementor-element-3359ae0 elementor-section-boxed elementor-section-height-default elementor-section-height-default\" data-id=\"3359ae0\" data-element_type=\"section\" data-e-type=\"section\">\n\t\t\t\t\t\t<div class=\"elementor-container elementor-column-gap-default\">\n\t\t\t\t\t<div class=\"elementor-column elementor-col-100 elementor-top-column elementor-element elementor-element-18a3d42\" data-id=\"18a3d42\" data-element_type=\"column\" data-e-type=\"column\">\n\t\t\t<div class=\"elementor-widget-wrap elementor-element-populated\">\n\t\t\t\t\t\t<div class=\"elementor-element elementor-element-03d7733 elementor-widget elementor-widget-text-editor\" data-id=\"03d7733\" data-element_type=\"widget\" data-e-type=\"widget\" data-widget_type=\"text-editor.default\">\n\t\t\t\t<div class=\"elementor-widget-container\">\n\t\t\t\t\t\t\t\t\t<p><span style=\"font-weight: bolder;\">A propos de H2O AM<\/span><\/p><p>Fond\u00e9e en 2010 et implant\u00e9e \u00e0 Paris, Monaco, Londres, Gen\u00e8ve et Singapour, H2O AM est une maison de gestion ind\u00e9pendante, principalement sp\u00e9cialis\u00e9e dans les strat\u00e9gies Global Macro.<\/p><p>Forte d\u2019un processus d\u2019investissement d\u00e9velopp\u00e9 depuis plus de trente ans et int\u00e9grant une ing\u00e9nierie quantitative propri\u00e9taire, l\u2019\u00e9quipe met en \u0153uvre une gestion discr\u00e9tionnaire, selon une approche Top Down et Value.<\/p><p>Gr\u00e2ce \u00e0 des strat\u00e9gies en valeurs relatives sur les obligations, les devises et les actions, H2O AM offre \u00e0 ses clients les b\u00e9n\u00e9fices d\u2019un alpha diversifi\u00e9 avec un risque assum\u00e9 et contr\u00f4l\u00e9 sur un horizon d\u00e9termin\u00e9.<\/p><p><a href=\"http:\/\/www.h2o-am.com\/\">www.h2o-am.com<\/a><\/p><p><span style=\"font-weight: bolder;\">Contacts presse<\/span><\/p><p>M\u00e9lodie Blondel \u2013 H2O AM<\/p><p>Mail:\u00a0<a href=\"mailto:melodie.blondel@h2o-am.com\">melodie.blondel@h2o-am.com<\/a>\u00a0| Tel\u00a0: +33 6 78 63 98 30<\/p><p>Kristell Le Nadan \u2013 Agence Citigate Dewe Rogerson<\/p><p>Mail:\u00a0<a href=\"mailto:Yoann.Besse@citigatedewerogerson.com\">Kristell. LeNadan@citigatedewerogerson.com<\/a>\u00a0| Tel\u00a0: +33 6 98 49 22 27<\/p><p>Gaspard Gantzer \u2013 Gantzer Agency<\/p><p>Mail:\u00a0<a href=\"mailto:gantzergaspard@gmail.com\">gantzergaspard@gmail.com<\/a>\u00a0| Tel\u00a0: +33 6 60 58 45 90<\/p><p><span style=\"font-weight: bolder;\">Avertissement<\/span><\/p><p><em>Le pr\u00e9sent document a \u00e9t\u00e9 r\u00e9dig\u00e9 par H2O AM LLP.<\/em><\/p><p><em>H2O AM LLP est autoris\u00e9e et r\u00e9glement\u00e9e par la Financial Conduct Authority (FCA) et est inscrite au registre des services financiers du Royaume-Uni sous le num\u00e9ro de r\u00e9f\u00e9rence 529105,<\/em><em>\u00a0<\/em><a href=\"http:\/\/www.fca.org.uk\/\"><em>http:\/\/www.fca.org.uk\/<\/em><\/a><em>.\u00a0<\/em><em>Nom de la soci\u00e9t\u00e9 et si\u00e8ge social : H2O AM LLP, 6e \u00e9tage, 33 Cavendish Square, Londres W1G 0PW, Royaume-Uni. Num\u00e9ro d\u2019entreprise : OC356207<\/em><\/p>\t\t\t\t\t\t\t\t<\/div>\n\t\t\t\t<\/div>\n\t\t\t\t\t<\/div>\n\t\t<\/div>\n\t\t\t\t\t<\/div>\n\t\t<\/section>\n\t\t\t\t<\/div>\n\t\t","protected":false},"excerpt":{"rendered":"<p>Fonds cantonn\u00e9s Communiqu\u00e9 de Presse Vid\u00e9o : Retour sur l\u2019Offre de sortie d\u00e9finitive des fonds cantonn\u00e9s Le taux de participation \u00e0 l\u2019Offre propos\u00e9e par H2O AM LLP, lanc\u00e9e le 15 octobre 2024 et cl\u00f4tur\u00e9e le 24 janvier 2025, est de 79,54% des encours des fonds cantonn\u00e9s. Les porteurs ayant particip\u00e9 \u00e0 l\u2019Offre restent \u00e9ligibles \u00e0 [&hellip;]<\/p>\n","protected":false},"author":7,"featured_media":0,"parent":0,"menu_order":0,"comment_status":"closed","ping_status":"closed","template":"","meta":{"_acf_changed":false,"footnotes":"","_links_to":"","_links_to_target":""},"class_list":["post-12640","page","type-page","status-publish","hentry"],"acf":[],"aioseo_notices":[],"_links":{"self":[{"href":"https:\/\/www.h2o-am.com\/fr\/wp-json\/wp\/v2\/pages\/12640","targetHints":{"allow":["GET"]}}],"collection":[{"href":"https:\/\/www.h2o-am.com\/fr\/wp-json\/wp\/v2\/pages"}],"about":[{"href":"https:\/\/www.h2o-am.com\/fr\/wp-json\/wp\/v2\/types\/page"}],"author":[{"embeddable":true,"href":"https:\/\/www.h2o-am.com\/fr\/wp-json\/wp\/v2\/users\/7"}],"replies":[{"embeddable":true,"href":"https:\/\/www.h2o-am.com\/fr\/wp-json\/wp\/v2\/comments?post=12640"}],"version-history":[{"count":13,"href":"https:\/\/www.h2o-am.com\/fr\/wp-json\/wp\/v2\/pages\/12640\/revisions"}],"predecessor-version":[{"id":12653,"href":"https:\/\/www.h2o-am.com\/fr\/wp-json\/wp\/v2\/pages\/12640\/revisions\/12653"}],"wp:attachment":[{"href":"https:\/\/www.h2o-am.com\/fr\/wp-json\/wp\/v2\/media?parent=12640"}],"curies":[{"name":"wp","href":"https:\/\/api.w.org\/{rel}","templated":true}]}}