{"id":13347,"date":"2025-11-14T13:47:54","date_gmt":"2025-11-14T13:47:54","guid":{"rendered":"https:\/\/www.h2o-am.com\/carrieres\/"},"modified":"2025-11-14T13:58:59","modified_gmt":"2025-11-14T13:58:59","slug":"carrieres","status":"publish","type":"page","link":"https:\/\/www.h2o-am.com\/fr\/carrieres\/","title":{"rendered":"Carri\u00e8res"},"content":{"rendered":"\t\t<div data-elementor-type=\"wp-page\" data-elementor-id=\"13347\" class=\"elementor elementor-13347 elementor-13330\" data-elementor-post-type=\"page\">\n\t\t\t\t\t\t<section class=\"elementor-section elementor-top-section elementor-element elementor-element-9c2444e elementor-section-full_width elementor-section-height-default elementor-section-height-default\" data-id=\"9c2444e\" data-element_type=\"section\" data-e-type=\"section\">\n\t\t\t\t\t\t<div class=\"elementor-container elementor-column-gap-default\">\n\t\t\t\t\t<div class=\"elementor-column elementor-col-50 elementor-top-column elementor-element elementor-element-e31d327\" data-id=\"e31d327\" data-element_type=\"column\" data-e-type=\"column\">\n\t\t\t<div class=\"elementor-widget-wrap elementor-element-populated\">\n\t\t\t\t\t\t<section class=\"elementor-section elementor-inner-section elementor-element elementor-element-12b102c elementor-section-height-min-height elementor-section-content-middle elementor-section-boxed elementor-section-height-default\" data-id=\"12b102c\" data-element_type=\"section\" data-e-type=\"section\">\n\t\t\t\t\t\t<div class=\"elementor-container elementor-column-gap-default\">\n\t\t\t\t\t<div class=\"elementor-column elementor-col-100 elementor-inner-column elementor-element elementor-element-72dff0b\" data-id=\"72dff0b\" data-element_type=\"column\" data-e-type=\"column\" data-settings=\"{&quot;background_background&quot;:&quot;classic&quot;}\">\n\t\t\t<div class=\"elementor-widget-wrap elementor-element-populated\">\n\t\t\t\t\t\t<div class=\"elementor-element elementor-element-fa696f3 elementor-widget elementor-widget-heading\" data-id=\"fa696f3\" data-element_type=\"widget\" data-e-type=\"widget\" data-widget_type=\"heading.default\">\n\t\t\t\t<div class=\"elementor-widget-container\">\n\t\t\t\t\t<h1 class=\"elementor-heading-title elementor-size-default\">carrieres<\/h1>\t\t\t\t<\/div>\n\t\t\t\t<\/div>\n\t\t\t\t\t<\/div>\n\t\t<\/div>\n\t\t\t\t\t<\/div>\n\t\t<\/section>\n\t\t\t\t\t<\/div>\n\t\t<\/div>\n\t\t\t\t<div class=\"elementor-column elementor-col-50 elementor-top-column elementor-element elementor-element-2dd6251\" data-id=\"2dd6251\" data-element_type=\"column\" data-e-type=\"column\">\n\t\t\t<div class=\"elementor-widget-wrap elementor-element-populated\">\n\t\t\t\t\t\t<div class=\"elementor-element elementor-element-21fdf94 elementor-widget elementor-widget-image\" data-id=\"21fdf94\" data-element_type=\"widget\" data-e-type=\"widget\" data-widget_type=\"image.default\">\n\t\t\t\t<div class=\"elementor-widget-container\">\n\t\t\t\t\t\t\t\t\t\t\t\t\t\t\t<img fetchpriority=\"high\" decoding=\"async\" width=\"800\" height=\"343\" src=\"https:\/\/www.h2o-am.com\/wp-content\/uploads\/2023\/12\/Visuel-H2o-06-1024x439.jpg\" class=\"attachment-large size-large wp-image-5658\" alt=\"\" srcset=\"https:\/\/www.h2o-am.com\/wp-content\/uploads\/2023\/12\/Visuel-H2o-06-1024x439.jpg 1024w, https:\/\/www.h2o-am.com\/wp-content\/uploads\/2023\/12\/Visuel-H2o-06-300x129.jpg 300w, https:\/\/www.h2o-am.com\/wp-content\/uploads\/2023\/12\/Visuel-H2o-06-768x329.jpg 768w, https:\/\/www.h2o-am.com\/wp-content\/uploads\/2023\/12\/Visuel-H2o-06-1536x658.jpg 1536w, https:\/\/www.h2o-am.com\/wp-content\/uploads\/2023\/12\/Visuel-H2o-06-2048x878.jpg 2048w\" sizes=\"(max-width: 800px) 100vw, 800px\" \/>\t\t\t\t\t\t\t\t\t\t\t\t\t\t\t<\/div>\n\t\t\t\t<\/div>\n\t\t\t\t\t<\/div>\n\t\t<\/div>\n\t\t\t\t\t<\/div>\n\t\t<\/section>\n\t\t\t\t<section class=\"elementor-section elementor-top-section elementor-element elementor-element-6e77a4e elementor-section-boxed elementor-section-height-default elementor-section-height-default\" data-id=\"6e77a4e\" data-element_type=\"section\" data-e-type=\"section\">\n\t\t\t\t\t\t<div class=\"elementor-container elementor-column-gap-default\">\n\t\t\t\t\t<div class=\"elementor-column elementor-col-100 elementor-top-column elementor-element elementor-element-8bacb12\" data-id=\"8bacb12\" data-element_type=\"column\" data-e-type=\"column\" data-settings=\"{&quot;background_background&quot;:&quot;classic&quot;}\">\n\t\t\t<div class=\"elementor-widget-wrap elementor-element-populated\">\n\t\t\t\t\t\t<div class=\"elementor-element elementor-element-dfb13e9 elementor-widget elementor-widget-heading\" data-id=\"dfb13e9\" data-element_type=\"widget\" data-e-type=\"widget\" data-widget_type=\"heading.default\">\n\t\t\t\t<div class=\"elementor-widget-container\">\n\t\t\t\t\t<h2 class=\"elementor-heading-title elementor-size-default\">QUI sommes-nous ?<\/h2>\t\t\t\t<\/div>\n\t\t\t\t<\/div>\n\t\t\t\t<div class=\"elementor-element elementor-element-244bc27 elementor-widget elementor-widget-spacer\" data-id=\"244bc27\" data-element_type=\"widget\" data-e-type=\"widget\" data-widget_type=\"spacer.default\">\n\t\t\t\t<div class=\"elementor-widget-container\">\n\t\t\t\t\t\t\t<div class=\"elementor-spacer\">\n\t\t\t<div class=\"elementor-spacer-inner\"><\/div>\n\t\t<\/div>\n\t\t\t\t\t\t<\/div>\n\t\t\t\t<\/div>\n\t\t\t\t<div class=\"elementor-element elementor-element-33d6bd7 elementor-widget elementor-widget-text-editor\" data-id=\"33d6bd7\" data-element_type=\"widget\" data-e-type=\"widget\" data-widget_type=\"text-editor.default\">\n\t\t\t\t<div class=\"elementor-widget-container\">\n\t\t\t\t\t\t\t\t\t<p class=\"p1\">Fond\u00e9e en 2010 et disposant de bureaux \u00e0 Paris, Monaco, Londres, Gen\u00e8ve et Singapour, H2O AM est une soci\u00e9t\u00e9 de gestion ind\u00e9pendante, principalement sp\u00e9cialis\u00e9e dans les strat\u00e9gies Global Macro. S&rsquo;appuyant sur un processus d&rsquo;investissement d\u00e9velopp\u00e9 depuis plus de trente ans et sur une ing\u00e9nierie quantitative solide, les \u00e9quipes mettent en \u0153uvre un processus d&rsquo;investissement discr\u00e9tionnaire bas\u00e9 sur une approche Top-Down et Value.<\/p><p class=\"p1\">Gr\u00e2ce \u00e0 des strat\u00e9gies de valeur relative en obligations, devises et actions, H2O AM offre \u00e0 ses clients les avantages d&rsquo;un alpha diversifi\u00e9 avec un risque assum\u00e9 et contr\u00f4l\u00e9 sur un horizon de temps d\u00e9fini.<\/p>\t\t\t\t\t\t\t\t<\/div>\n\t\t\t\t<\/div>\n\t\t\t\t\t<\/div>\n\t\t<\/div>\n\t\t\t\t\t<\/div>\n\t\t<\/section>\n\t\t\t\t<section class=\"elementor-section elementor-top-section elementor-element elementor-element-1983d04 elementor-reverse-mobile elementor-section-boxed elementor-section-height-default elementor-section-height-default\" data-id=\"1983d04\" data-element_type=\"section\" data-e-type=\"section\">\n\t\t\t\t\t\t<div class=\"elementor-container elementor-column-gap-default\">\n\t\t\t\t\t<div class=\"elementor-column elementor-col-50 elementor-top-column elementor-element elementor-element-a081b01\" data-id=\"a081b01\" data-element_type=\"column\" data-e-type=\"column\">\n\t\t\t<div class=\"elementor-widget-wrap elementor-element-populated\">\n\t\t\t\t\t\t<div class=\"elementor-element elementor-element-9e1970f elementor-widget__width-initial elementor-widget elementor-widget-image\" data-id=\"9e1970f\" data-element_type=\"widget\" data-e-type=\"widget\" data-widget_type=\"image.default\">\n\t\t\t\t<div class=\"elementor-widget-container\">\n\t\t\t\t\t\t\t\t\t\t\t\t\t\t\t<img decoding=\"async\" width=\"800\" height=\"349\" src=\"https:\/\/www.h2o-am.com\/wp-content\/uploads\/2023\/12\/Visuel-H2o-02-1024x447.jpg\" class=\"attachment-large size-large wp-image-5650\" alt=\"\" srcset=\"https:\/\/www.h2o-am.com\/wp-content\/uploads\/2023\/12\/Visuel-H2o-02-1024x447.jpg 1024w, https:\/\/www.h2o-am.com\/wp-content\/uploads\/2023\/12\/Visuel-H2o-02-300x131.jpg 300w, https:\/\/www.h2o-am.com\/wp-content\/uploads\/2023\/12\/Visuel-H2o-02-768x336.jpg 768w, https:\/\/www.h2o-am.com\/wp-content\/uploads\/2023\/12\/Visuel-H2o-02-1536x671.jpg 1536w, https:\/\/www.h2o-am.com\/wp-content\/uploads\/2023\/12\/Visuel-H2o-02.jpg 2000w\" sizes=\"(max-width: 800px) 100vw, 800px\" \/>\t\t\t\t\t\t\t\t\t\t\t\t\t\t\t<\/div>\n\t\t\t\t<\/div>\n\t\t\t\t\t<\/div>\n\t\t<\/div>\n\t\t\t\t<div class=\"elementor-column elementor-col-50 elementor-top-column elementor-element elementor-element-ba6933d\" data-id=\"ba6933d\" data-element_type=\"column\" data-e-type=\"column\" data-settings=\"{&quot;background_background&quot;:&quot;classic&quot;}\">\n\t\t\t<div class=\"elementor-widget-wrap elementor-element-populated\">\n\t\t\t\t\t\t<div class=\"elementor-element elementor-element-a2d1513 elementor-widget__width-initial elementor-widget elementor-widget-heading\" data-id=\"a2d1513\" data-element_type=\"widget\" data-e-type=\"widget\" data-widget_type=\"heading.default\">\n\t\t\t\t<div class=\"elementor-widget-container\">\n\t\t\t\t\t<h2 class=\"elementor-heading-title elementor-size-default\">Rejoignez notre \u00e9quipe<\/h2>\t\t\t\t<\/div>\n\t\t\t\t<\/div>\n\t\t\t\t<div class=\"elementor-element elementor-element-3423e68 elementor-widget elementor-widget-spacer\" data-id=\"3423e68\" data-element_type=\"widget\" data-e-type=\"widget\" data-widget_type=\"spacer.default\">\n\t\t\t\t<div class=\"elementor-widget-container\">\n\t\t\t\t\t\t\t<div class=\"elementor-spacer\">\n\t\t\t<div class=\"elementor-spacer-inner\"><\/div>\n\t\t<\/div>\n\t\t\t\t\t\t<\/div>\n\t\t\t\t<\/div>\n\t\t\t\t<div class=\"elementor-element elementor-element-e08e6bf elementor-widget elementor-widget-text-editor\" data-id=\"e08e6bf\" data-element_type=\"widget\" data-e-type=\"widget\" data-widget_type=\"text-editor.default\">\n\t\t\t\t<div class=\"elementor-widget-container\">\n\t\t\t\t\t\t\t\t\t<p style=\"font-weight: 400;\">Chez H2O AM, vous travaillerez avec une \u00e9quipe macro\u00e9conomique mondiale exp\u00e9riment\u00e9e, pleinement engag\u00e9e \u00e0 fournir aux clients des solutions innovantes et une performance \u00e0 long terme avec un risque assum\u00e9 et contr\u00f4l\u00e9 sur un horizon temporel d\u00e9fini.<\/p><p style=\"font-weight: 400;\">Nos collaborateurs sont le pilier de notre culture. Nous rassemblons des personnes talentueuses et engag\u00e9es et les soutenons gr\u00e2ce \u00e0 une culture de travail collaborative forte, ax\u00e9e sur la passion, la t\u00e9nacit\u00e9 et la performance. <\/p><p style=\"font-weight: 400;\">Vous trouverez ci-dessous les postes actuellement disponibles chez H2O AM. Nous sommes toujours \u00e0 la recherche de talents exceptionnels pour rejoindre notre \u00e9quipe. Si vous souhaitez postuler \u00e0 un poste chez H2O AM qui n&rsquo;est pas actuellement affich\u00e9, veuillez envoyer votre CV et une lettre de motivation \u00e0 <a href=\"mailto:careers@h2o-am.com\">careers@h2o-am.com<\/a> en pr\u00e9cisant le poste qui vous int\u00e9resse.  <\/p>\t\t\t\t\t\t\t\t<\/div>\n\t\t\t\t<\/div>\n\t\t\t\t\t<\/div>\n\t\t<\/div>\n\t\t\t\t\t<\/div>\n\t\t<\/section>\n\t\t\t\t<\/div>\n\t\t","protected":false},"excerpt":{"rendered":"<p>carrieres QUI sommes-nous ? Fond\u00e9e en 2010 et disposant de bureaux \u00e0 Paris, Monaco, Londres, Gen\u00e8ve et Singapour, H2O AM est une soci\u00e9t\u00e9 de gestion ind\u00e9pendante, principalement sp\u00e9cialis\u00e9e dans les strat\u00e9gies Global Macro. S&rsquo;appuyant sur un processus d&rsquo;investissement d\u00e9velopp\u00e9 depuis plus de trente ans et sur une ing\u00e9nierie quantitative solide, les \u00e9quipes mettent en \u0153uvre [&hellip;]<\/p>\n","protected":false},"author":1,"featured_media":0,"parent":0,"menu_order":0,"comment_status":"closed","ping_status":"closed","template":"","meta":{"_acf_changed":false,"footnotes":"","_links_to":"","_links_to_target":""},"class_list":["post-13347","page","type-page","status-publish","hentry"],"acf":[],"aioseo_notices":[],"_links":{"self":[{"href":"https:\/\/www.h2o-am.com\/fr\/wp-json\/wp\/v2\/pages\/13347","targetHints":{"allow":["GET"]}}],"collection":[{"href":"https:\/\/www.h2o-am.com\/fr\/wp-json\/wp\/v2\/pages"}],"about":[{"href":"https:\/\/www.h2o-am.com\/fr\/wp-json\/wp\/v2\/types\/page"}],"author":[{"embeddable":true,"href":"https:\/\/www.h2o-am.com\/fr\/wp-json\/wp\/v2\/users\/1"}],"replies":[{"embeddable":true,"href":"https:\/\/www.h2o-am.com\/fr\/wp-json\/wp\/v2\/comments?post=13347"}],"version-history":[{"count":2,"href":"https:\/\/www.h2o-am.com\/fr\/wp-json\/wp\/v2\/pages\/13347\/revisions"}],"predecessor-version":[{"id":13349,"href":"https:\/\/www.h2o-am.com\/fr\/wp-json\/wp\/v2\/pages\/13347\/revisions\/13349"}],"wp:attachment":[{"href":"https:\/\/www.h2o-am.com\/fr\/wp-json\/wp\/v2\/media?parent=13347"}],"curies":[{"name":"wp","href":"https:\/\/api.w.org\/{rel}","templated":true}]}}