{"id":8483,"date":"2024-03-06T19:04:09","date_gmt":"2024-03-06T19:04:09","guid":{"rendered":"https:\/\/www.h2o-am.com\/?page_id=8483"},"modified":"2025-03-18T10:10:07","modified_gmt":"2025-03-18T10:10:07","slug":"politique-cookies","status":"publish","type":"page","link":"https:\/\/www.h2o-am.com\/fr\/politique-cookies\/","title":{"rendered":"Politiques cookies"},"content":{"rendered":"\t\t<div data-elementor-type=\"wp-page\" data-elementor-id=\"8483\" class=\"elementor elementor-8483 elementor-8517\" data-elementor-post-type=\"page\">\n\t\t\t\t\t\t<section class=\"elementor-section elementor-top-section elementor-element elementor-element-c5c1975 elementor-section-full_width elementor-section-height-default elementor-section-height-default\" data-id=\"c5c1975\" data-element_type=\"section\" data-e-type=\"section\">\n\t\t\t\t\t\t<div class=\"elementor-container elementor-column-gap-default\">\n\t\t\t\t\t<div class=\"elementor-column elementor-col-50 elementor-top-column elementor-element elementor-element-c05d2cb\" data-id=\"c05d2cb\" data-element_type=\"column\" data-e-type=\"column\">\n\t\t\t<div class=\"elementor-widget-wrap elementor-element-populated\">\n\t\t\t\t\t\t<section class=\"elementor-section elementor-inner-section elementor-element elementor-element-e4108bc elementor-section-height-min-height elementor-section-content-middle elementor-section-boxed elementor-section-height-default\" data-id=\"e4108bc\" data-element_type=\"section\" data-e-type=\"section\">\n\t\t\t\t\t\t<div class=\"elementor-container elementor-column-gap-default\">\n\t\t\t\t\t<div class=\"elementor-column elementor-col-100 elementor-inner-column elementor-element elementor-element-a7147d0\" data-id=\"a7147d0\" data-element_type=\"column\" data-e-type=\"column\" data-settings=\"{&quot;background_background&quot;:&quot;classic&quot;}\">\n\t\t\t<div class=\"elementor-widget-wrap elementor-element-populated\">\n\t\t\t\t\t\t<div class=\"elementor-element elementor-element-bf49f9f elementor-widget elementor-widget-heading\" data-id=\"bf49f9f\" data-element_type=\"widget\" data-e-type=\"widget\" data-widget_type=\"heading.default\">\n\t\t\t\t<div class=\"elementor-widget-container\">\n\t\t\t\t\t<h2 class=\"elementor-heading-title elementor-size-default\">Politique cookies<\/h2>\t\t\t\t<\/div>\n\t\t\t\t<\/div>\n\t\t\t\t\t<\/div>\n\t\t<\/div>\n\t\t\t\t\t<\/div>\n\t\t<\/section>\n\t\t\t\t\t<\/div>\n\t\t<\/div>\n\t\t\t\t<div class=\"elementor-column elementor-col-50 elementor-top-column elementor-element elementor-element-63bfaef\" data-id=\"63bfaef\" data-element_type=\"column\" data-e-type=\"column\">\n\t\t\t<div class=\"elementor-widget-wrap elementor-element-populated\">\n\t\t\t\t\t\t<div class=\"elementor-element elementor-element-5f471f0 elementor-widget elementor-widget-image\" data-id=\"5f471f0\" data-element_type=\"widget\" data-e-type=\"widget\" data-widget_type=\"image.default\">\n\t\t\t\t<div class=\"elementor-widget-container\">\n\t\t\t\t\t\t\t\t\t\t\t\t\t\t\t<img fetchpriority=\"high\" decoding=\"async\" width=\"800\" height=\"800\" src=\"https:\/\/www.h2o-am.com\/wp-content\/uploads\/2023\/12\/Visuel-H2o-04-1024x1024.jpg\" class=\"attachment-large size-large wp-image-5654\" alt=\"\" srcset=\"https:\/\/www.h2o-am.com\/wp-content\/uploads\/2023\/12\/Visuel-H2o-04-1024x1024.jpg 1024w, https:\/\/www.h2o-am.com\/wp-content\/uploads\/2023\/12\/Visuel-H2o-04-300x300.jpg 300w, https:\/\/www.h2o-am.com\/wp-content\/uploads\/2023\/12\/Visuel-H2o-04-150x150.jpg 150w, https:\/\/www.h2o-am.com\/wp-content\/uploads\/2023\/12\/Visuel-H2o-04-768x768.jpg 768w, https:\/\/www.h2o-am.com\/wp-content\/uploads\/2023\/12\/Visuel-H2o-04-1536x1536.jpg 1536w, https:\/\/www.h2o-am.com\/wp-content\/uploads\/2023\/12\/Visuel-H2o-04.jpg 2000w\" sizes=\"(max-width: 800px) 100vw, 800px\" \/>\t\t\t\t\t\t\t\t\t\t\t\t\t\t\t<\/div>\n\t\t\t\t<\/div>\n\t\t\t\t\t<\/div>\n\t\t<\/div>\n\t\t\t\t\t<\/div>\n\t\t<\/section>\n\t\t\t\t<section class=\"elementor-section elementor-top-section elementor-element elementor-element-8da47a0 elementor-section-boxed elementor-section-height-default elementor-section-height-default\" data-id=\"8da47a0\" data-element_type=\"section\" data-e-type=\"section\">\n\t\t\t\t\t\t<div class=\"elementor-container elementor-column-gap-default\">\n\t\t\t\t\t<div class=\"elementor-column elementor-col-100 elementor-top-column elementor-element elementor-element-5832436\" data-id=\"5832436\" data-element_type=\"column\" data-e-type=\"column\">\n\t\t\t<div class=\"elementor-widget-wrap elementor-element-populated\">\n\t\t\t\t\t\t<div class=\"elementor-element elementor-element-33eb5dc elementor-widget elementor-widget-text-editor\" data-id=\"33eb5dc\" data-element_type=\"widget\" data-e-type=\"widget\" data-widget_type=\"text-editor.default\">\n\t\t\t\t<div class=\"elementor-widget-container\">\n\t\t\t\t\t\t\t\t\t<h4><span style=\"font-size: 24px;\">Politiques en mati\u00e8re de Cookie<\/span><\/h4><h4><span style=\"font-family: corbel; font-size: 18px; text-align: start;\">En naviguant sur le site http:\/\/www.h2o-am.com, un ou plusieurs cookies sont susceptibles d\u2019\u00eatre enregistr\u00e9s sur votre ordinateur, votre t\u00e9l\u00e9phone portable ou votre tablette. Cette section vous aide \u00e0 mieux comprendre le fonctionnement des cookies et \u00e0 param\u00e9trer votre navigateur Internet pour qu\u2019il les g\u00e8re correctement.<\/span><\/h4><p><span style=\"font-weight: bolder; text-align: start;\">Qu\u2019est-ce qu\u2019un cookie ?<\/span><span style=\"text-align: start;\">\u00a0Un cookie est un petit fichier texte qui est stock\u00e9 sur le disque dur de votre ordinateur lorsque vous visitez un site web ou visualisez une publicit\u00e9. Les cookies sont g\u00e9r\u00e9s par votre navigateur web. Ils sont con\u00e7us pour collecter des informations sur vos visites de sites web et pour vous offrir des services personnalis\u00e9s, mais ils ne peuvent pas \u00eatre utilis\u00e9s pour r\u00e9cup\u00e9rer des donn\u00e9es sur votre disque dur, installer des virus ou acc\u00e9der \u00e0 vos informations personnelles.<\/span><\/p><p><span style=\"font-weight: bolder; text-align: start;\">Diff\u00e9rents \u00e9metteurs potentiels Cookies de http:\/\/www.h2o-am.com (cookies de premi\u00e8re partie)<\/span><span style=\"text-align: start;\">: Notre site internet stocke ces cookies sur votre appareil afin de r\u00e9pondre aux besoins de navigation et d\u2019optimisation de notre site internet.<\/span><\/p><p>Vous pouvez \u00e0 tout moment modifier votre consentement \u00e0 l&rsquo;utilisation des cookies en cliquant sur l&rsquo;onglet de s\u00e9lection des cookies situ\u00e9 dans le coin inf\u00e9rieur gauche.<\/p><p>Vous pouvez choisir d&rsquo;activer ou de d\u00e9sactiver tout ou partie de ces cookies, mais la d\u00e9sactivation de certains d&rsquo;entre eux peut affecter votre exp\u00e9rience de navigation.<\/p><p style=\"text-align: start;\">Contr\u00f4le et suppression : Si vous souhaitez modifier la fa\u00e7on dont votre navigateur utilise les cookies ou les d\u00e9sactiver, vous pouvez le faire dans les param\u00e8tres de votre navigateur. La plupart des navigateurs vous permettent d&rsquo;accepter ou de rejeter tous les cookies, de n&rsquo;accepter que certains types de cookies ou de vous demander chaque fois qu&rsquo;un site web veut stocker un cookie. Ils vous permettent \u00e9galement de supprimer les cookies stock\u00e9s sur votre ordinateur. Afin de g\u00e9rer les cookies de la mani\u00e8re qui vous convient le mieux, vous pouvez modifier les param\u00e8tres de votre navigateur en fonction de sa configuration afin de contr\u00f4ler ou d&#8217;emp\u00eacher le stockage des cookies :<\/p><ul style=\"font-size: 18px; background-color: #ffffff; font-family: corbel, sans-serif; text-align: start;\"><li style=\"font-size: 18px;\">Internet Explorer\u2122 : Menu Outils &gt; Options Internet &gt; Confidentialit\u00e9<\/li><\/ul><p style=\"text-align: start;\">(\u00a0<a href=\"http:\/\/windows.microsoft.com\/en-us\/windows-vista\/Block-or-allow-cookies\">Voir http:\/\/windows.microsoft.com\/en-us\/windows-vista\/Block-or-allow-cookies)<\/a><\/p><ul style=\"font-size: 18px; background-color: #ffffff; font-family: corbel, sans-serif; text-align: start;\"><li style=\"font-size: 18px;\">Safari\u2122 : Menu Safari &gt; Pr\u00e9f\u00e9rences &gt; Confidentialit\u00e9<\/li><\/ul><p style=\"text-align: start;\">(\u00a0<a href=\"http:\/\/support.apple.com\/kb\/PH17191?viewlocale=en_US\">Voir http:\/\/support.apple.com\/kb\/PH17191?viewlocale=en_US)<\/a><\/p><ul style=\"font-size: 18px; background-color: #ffffff; font-family: corbel, sans-serif; text-align: start;\"><li style=\"font-size: 18px;\">Chrome\u2122 : Menu Chrome (outils) &gt; Param\u00e8tres &gt; Afficher les param\u00e8tres avanc\u00e9s &gt; Confidentialit\u00e9 &gt; Param\u00e8tres de contenu &gt; Cookies<\/li><\/ul><p style=\"text-align: start;\">(\u00a0<a href=\"https:\/\/support.google.com\/chrome\/answer\/114662\">Voir https:\/\/support.google.com\/chrome\/answer\/114662)<\/a><\/p><ul style=\"font-size: 18px; background-color: #ffffff; font-family: corbel, sans-serif; text-align: start;\"><li style=\"font-size: 18px;\">Firefox\u2122 : Menu Outils &gt; Options &gt; Confidentialit\u00e9 &gt; Historique &gt; Cookies<\/li><\/ul><p style=\"text-align: start;\">(\u00a0<a href=\"https:\/\/support.mozilla.org\/en-US\/kb\/enable-and-disable-cookies-website-preferences\">Voir https:\/\/support.mozilla.org\/en-US\/kb\/enable-and-disable-cookies-website-preferences)<\/a><\/p><ul style=\"font-size: 18px; background-color: #ffffff; font-family: corbel, sans-serif; text-align: start;\"><li style=\"font-size: 18px;\">Opera\u2122 : Pr\u00e9f\u00e9rences &gt; Avanc\u00e9es &gt; Cookies (\u00a0<a href=\"http:\/\/help.opera.com\/Windows\/10.20\/en\/cookies.html\">Voir http:\/\/help.opera.com\/Windows\/10.20\/en\/cookies.html)<\/a>\u00a0contenu<\/li><\/ul><p>We also use third-party cookies that help us analyse how you use this website, record your preferences and provide you with content and advertising that is relevant to you. These cookies will only be stored in your browser with your prior consent.<\/p><p style=\"text-align: start;\"><span style=\"font-weight: bolder;\">Cookies de tiers :<\/span>\u00a0Ces cookies sont mis en place par des soci\u00e9t\u00e9s tierces, telles que des prestataires de services ou des partenaires. Par exemple :<\/p><ul style=\"font-size: 18px; background-color: #ffffff; font-family: corbel, sans-serif; text-align: start;\"><li style=\"font-size: 18px;\">Les pages web peuvent contenir des composants stock\u00e9s sur d&rsquo;autres serveurs de domaine<\/li><\/ul><p style=\"text-align: start;\">(images ou autres contenus int\u00e9gr\u00e9s : vid\u00e9os YouTube, diaporamas Flickr, etc.) Ces sites web peuvent installer leurs propres cookies lorsque les utilisateurs acc\u00e8dent \u00e0 ces composants externes au cours de leur navigation sur le web.<\/p><ul style=\"font-size: 18px; background-color: #ffffff; font-family: corbel, sans-serif; text-align: start;\"><li style=\"font-size: 18px;\">Les sites web peuvent utiliser les services d&rsquo;une soci\u00e9t\u00e9 tierce pour analyser leur audience. L&rsquo;entreprise d\u00e9finit son propre cookie pour r\u00e9aliser ce service.<\/li><li style=\"font-size: 18px;\">Les sites web peuvent \u00e9galement utiliser un r\u00e9seau publicitaire tiers pour diffuser des annonces. Ce site n&rsquo;utilise aucun service de publicit\u00e9.<\/li><li style=\"font-size: 18px;\">Les sites de r\u00e9seaux sociaux peuvent installer des cookies pour le partage de contenu ou pour g\u00e9n\u00e9rer des statistiques d&rsquo;acc\u00e8s lorsque vous cliquez sur des \u00ab\u00a0boutons de partage\u00a0\u00bb.<\/li><\/ul><h4>Cookies Strictement n\u00e9cessaire<\/h4><p><em>Toujours actif<\/em><\/p><p>Les cookies strictement n\u00e9cessaires habilitent des fonctionnalit\u00e9s de base du site Web telles que la connexion des utilisateurs et la gestion des comptes. Le site Web ne peut pas \u00eatre utilis\u00e9 correctement sans les cookies strictement n\u00e9cessaires.<\/p><table data-cs-table-report=\"cookiescript\"><thead><tr><th scope=\"col\" data-cs-report-name=\"true\" data-cs-i18n-text=\"{&quot;fr&quot;:&quot;Nom&quot;,&quot;en&quot;:&quot;Name&quot;}\">Nom<\/th><th scope=\"col\" data-cs-i18n-text=\"{&quot;fr&quot;:&quot;Fournisseur \\\/ Domaine&quot;,&quot;en&quot;:&quot;Provider \\\/ Domain&quot;}\">Fournisseur \/ Domaine<\/th><th scope=\"col\" data-cs-report-expiration=\"true\" data-cs-i18n-text=\"{&quot;fr&quot;:&quot;Expiration&quot;,&quot;en&quot;:&quot;Expiration&quot;}\">Expiration<\/th><th scope=\"col\" data-cs-report-description=\"true\" data-cs-i18n-text=\"{&quot;fr&quot;:&quot;Description&quot;,&quot;en&quot;:&quot;Description&quot;}\">Description<\/th><\/tr><\/thead><tbody><tr><td data-cs-i18n-table-label=\"{&quot;fr&quot;:&quot;Nom&quot;,&quot;en&quot;:&quot;Name&quot;}\">wp-wpml_current_language<\/td><td data-cs-i18n-table-label=\"{&quot;fr&quot;:&quot;Fournisseur \\\/ Domaine&quot;,&quot;en&quot;:&quot;Provider \\\/ Domain&quot;}\"><div><a href=\"https:\/\/wpml.org\/documentation\/privacy-policy-and-gdpr-compliance\/\" target=\"_blank\" rel=\"nofollow noopener\">OnTheGoSystems Ltd.<\/a><\/div><p>www.h2o-am.com<\/p><\/td><td data-cs-i18n-text=\"{&quot;fr&quot;:&quot;Session&quot;,&quot;en&quot;:&quot;Session&quot;}\" data-cs-i18n-table-label=\"{&quot;fr&quot;:&quot;Expiration&quot;,&quot;en&quot;:&quot;Expiration&quot;}\">Session<\/td><td data-cs-i18n-table-label=\"{&quot;fr&quot;:&quot;Description&quot;,&quot;en&quot;:&quot;Description&quot;}\">Stocke la langue actuelle. Par d\u00e9faut, ce cookie est d\u00e9fini uniquement pour les utilisateurs connect\u00e9s. Si vous activez le cookie de langue pour prendre en charge le filtrage AJAX, ce cookie sera \u00e9galement d\u00e9fini pour les utilisateurs qui ne sont pas connect\u00e9s.<\/td><\/tr><tr><td data-cs-i18n-table-label=\"{&quot;fr&quot;:&quot;Nom&quot;,&quot;en&quot;:&quot;Name&quot;}\">cookieyes-consent<\/td><td data-cs-i18n-table-label=\"{&quot;fr&quot;:&quot;Fournisseur \\\/ Domaine&quot;,&quot;en&quot;:&quot;Provider \\\/ Domain&quot;}\"><div><a href=\"https:\/\/www.cookieyes.com\/privacy-policy\/\" target=\"_blank\" rel=\"nofollow noopener\">CookieYes<\/a><\/div><p>www.h2o-am.com<\/p><\/td><td data-cs-i18n-text=\"{&quot;fr&quot;:&quot;1 an&quot;,&quot;en&quot;:&quot;1 year&quot;}\" data-cs-i18n-table-label=\"{&quot;fr&quot;:&quot;Expiration&quot;,&quot;en&quot;:&quot;Expiration&quot;}\">1 an<\/td><td data-cs-i18n-table-label=\"{&quot;fr&quot;:&quot;Description&quot;,&quot;en&quot;:&quot;Description&quot;}\">Ce cookie est utilis\u00e9 pour rappeler le consentement de l&rsquo;utilisateur \u00e0 l&rsquo;utilisation des cookies sur le site.<\/td><\/tr><tr><td data-cs-i18n-table-label=\"{&quot;fr&quot;:&quot;Nom&quot;,&quot;en&quot;:&quot;Name&quot;}\">CookieScriptConsent<\/td><td data-cs-i18n-table-label=\"{&quot;fr&quot;:&quot;Fournisseur \\\/ Domaine&quot;,&quot;en&quot;:&quot;Provider \\\/ Domain&quot;}\"><div><a href=\"https:\/\/cookie-script.com\/privacy-policy.html\" target=\"_blank\" rel=\"nofollow noopener\">CookieScript<\/a><\/div><p>www.h2o-am.com<\/p><\/td><td data-cs-i18n-text=\"{&quot;fr&quot;:&quot;1 mois&quot;,&quot;en&quot;:&quot;1 month&quot;}\" data-cs-i18n-table-label=\"{&quot;fr&quot;:&quot;Expiration&quot;,&quot;en&quot;:&quot;Expiration&quot;}\">1 mois<\/td><td data-cs-i18n-table-label=\"{&quot;fr&quot;:&quot;Description&quot;,&quot;en&quot;:&quot;Description&quot;}\">Ce cookie est utilis\u00e9 par le service Cookie-Script.com pour m\u00e9moriser les pr\u00e9f\u00e9rences de consentement des visiteurs en mati\u00e8re de cookies. Il est n\u00e9cessaire que la banni\u00e8re de cookies Cookie-Script.com fonctionne correctement.<\/td><\/tr><tr><td data-cs-i18n-table-label=\"{&quot;fr&quot;:&quot;Nom&quot;,&quot;en&quot;:&quot;Name&quot;}\">PHPSESSID<\/td><td data-cs-i18n-table-label=\"{&quot;fr&quot;:&quot;Fournisseur \\\/ Domaine&quot;,&quot;en&quot;:&quot;Provider \\\/ Domain&quot;}\"><div><a href=\"https:\/\/www.php.net\/privacy.php\" target=\"_blank\" rel=\"nofollow noopener\">PHP.net<\/a><\/div><p>h2o-am.com<\/p><\/td><td data-cs-i18n-text=\"{&quot;fr&quot;:&quot;Session&quot;,&quot;en&quot;:&quot;Session&quot;}\" data-cs-i18n-table-label=\"{&quot;fr&quot;:&quot;Expiration&quot;,&quot;en&quot;:&quot;Expiration&quot;}\">Session<\/td><td data-cs-i18n-table-label=\"{&quot;fr&quot;:&quot;Description&quot;,&quot;en&quot;:&quot;Description&quot;}\">Cookie g\u00e9n\u00e9r\u00e9 par des applications bas\u00e9es sur le langage PHP. Il s&rsquo;agit d&rsquo;un identifiant \u00e0 usage g\u00e9n\u00e9ral utilis\u00e9 pour g\u00e9rer les variables de session utilisateur. Il s&rsquo;agit normalement d&rsquo;un nombre g\u00e9n\u00e9r\u00e9 de mani\u00e8re al\u00e9atoire, la fa\u00e7on dont il est utilis\u00e9 peut \u00eatre sp\u00e9cifique au site, mais un bon exemple est le maintien d&rsquo;un statut de connexion pour un utilisateur entre les pages.<\/td><\/tr><\/tbody><\/table><h4>Cookies Performance<\/h4><p>Les cookies de performance sont utilis\u00e9s pour voir comment les visiteurs utilisent le site Web, par exemple les cookies d\u00a0\u00bbanalyse. Ces cookies ne peuvent pas \u00eatre utilis\u00e9s pour identifier directement un visiteur sp\u00e9cifique.<\/p><table data-cs-table-report=\"cookiescript\"><thead><tr><th scope=\"col\" data-cs-report-name=\"true\" data-cs-i18n-text=\"{&quot;fr&quot;:&quot;Nom&quot;,&quot;en&quot;:&quot;Name&quot;}\">Name<\/th><th scope=\"col\" data-cs-i18n-text=\"{&quot;fr&quot;:&quot;Fournisseur \\\/ Domaine&quot;,&quot;en&quot;:&quot;Provider \\\/ Domain&quot;}\">Provider \/ Domain<\/th><th scope=\"col\" data-cs-report-expiration=\"true\" data-cs-i18n-text=\"{&quot;fr&quot;:&quot;Expiration&quot;,&quot;en&quot;:&quot;Expiration&quot;}\">Expiration<\/th><th scope=\"col\" data-cs-report-description=\"true\" data-cs-i18n-text=\"{&quot;fr&quot;:&quot;Description&quot;,&quot;en&quot;:&quot;Description&quot;}\">Description<\/th><\/tr><\/thead><tbody><tr><td data-cs-i18n-table-label=\"{&quot;fr&quot;:&quot;Nom&quot;,&quot;en&quot;:&quot;Name&quot;}\">_ga<\/td><td data-cs-i18n-table-label=\"{&quot;fr&quot;:&quot;Fournisseur \\\/ Domaine&quot;,&quot;en&quot;:&quot;Provider \\\/ Domain&quot;}\"><div><a href=\"https:\/\/policies.google.com\/privacy\" target=\"_blank\" rel=\"nofollow noopener\">Google LLC<\/a><\/div><p>.h2o-am.com<\/p><\/td><td data-cs-i18n-text=\"{&quot;fr&quot;:&quot;1 an 1 mois&quot;,&quot;en&quot;:&quot;1 year 1 month&quot;}\" data-cs-i18n-table-label=\"{&quot;fr&quot;:&quot;Expiration&quot;,&quot;en&quot;:&quot;Expiration&quot;}\">1 an 1 mois<\/td><td data-cs-i18n-table-label=\"{&quot;fr&quot;:&quot;Description&quot;,&quot;en&quot;:&quot;Description&quot;}\">Ce nom de cookie est associ\u00e9 \u00e0 Google Universal Analytics &#8211; qui est une mise \u00e0 jour importante du service d&rsquo;analyse le plus couramment utilis\u00e9 de Google. Ce cookie est utilis\u00e9 pour distinguer les utilisateurs uniques en attribuant un num\u00e9ro g\u00e9n\u00e9r\u00e9 al\u00e9atoirement comme identifiant client. Il est inclus dans chaque demande de page d&rsquo;un site et utilis\u00e9 pour calculer les donn\u00e9es de visiteur, de session et de campagne pour les rapports d&rsquo;analyse du site.<\/td><\/tr><tr><td data-cs-i18n-table-label=\"{&quot;fr&quot;:&quot;Nom&quot;,&quot;en&quot;:&quot;Name&quot;}\">_ga_PDX59H9C50<\/td><td data-cs-i18n-table-label=\"{&quot;fr&quot;:&quot;Fournisseur \\\/ Domaine&quot;,&quot;en&quot;:&quot;Provider \\\/ Domain&quot;}\">.h2o-am.com<\/td><td data-cs-i18n-text=\"{&quot;fr&quot;:&quot;1 an 1 mois&quot;,&quot;en&quot;:&quot;1 year 1 month&quot;}\" data-cs-i18n-table-label=\"{&quot;fr&quot;:&quot;Expiration&quot;,&quot;en&quot;:&quot;Expiration&quot;}\">1 an 1 mois<\/td><td data-cs-i18n-table-label=\"{&quot;fr&quot;:&quot;Description&quot;,&quot;en&quot;:&quot;Description&quot;}\">Ce cookie est utilis\u00e9 par Google Analytics pour conserver l&rsquo;\u00e9tat de la session.<\/td><\/tr><\/tbody><\/table><h4>Cookies de ciblage<\/h4><p>Les cookies de ciblage sont utilis\u00e9s pour identifier les visiteurs sur diff\u00e9rents sites Web, par exemple les partenaires de contenu, les r\u00e9seaux de banni\u00e8res. Ces cookies peuvent \u00eatre utilis\u00e9s par les entreprises pour cr\u00e9er un profil des int\u00e9r\u00eats des visiteurs ou afficher des publicit\u00e9s pertinentes sur d\u00a0\u00bbautres sites Web.<\/p><table data-cs-table-report=\"cookiescript\"><thead><tr><th scope=\"col\" data-cs-report-name=\"true\" data-cs-i18n-text=\"{&quot;fr&quot;:&quot;Nom&quot;,&quot;en&quot;:&quot;Name&quot;}\">Name<\/th><th scope=\"col\" data-cs-i18n-text=\"{&quot;fr&quot;:&quot;Fournisseur \\\/ Domaine&quot;,&quot;en&quot;:&quot;Provider \\\/ Domain&quot;}\">Provider \/ Domain<\/th><th scope=\"col\" data-cs-report-expiration=\"true\" data-cs-i18n-text=\"{&quot;fr&quot;:&quot;Expiration&quot;,&quot;en&quot;:&quot;Expiration&quot;}\">Expiration<\/th><th scope=\"col\" data-cs-report-description=\"true\" data-cs-i18n-text=\"{&quot;fr&quot;:&quot;Description&quot;,&quot;en&quot;:&quot;Description&quot;}\">Description<\/th><\/tr><\/thead><tbody><tr><td data-cs-i18n-table-label=\"{&quot;fr&quot;:&quot;Nom&quot;,&quot;en&quot;:&quot;Name&quot;}\">IDE<\/td><td data-cs-i18n-table-label=\"{&quot;fr&quot;:&quot;Fournisseur \\\/ Domaine&quot;,&quot;en&quot;:&quot;Provider \\\/ Domain&quot;}\"><div><a href=\"https:\/\/policies.google.com\/privacy\" target=\"_blank\" rel=\"nofollow noopener\">Google LLC<\/a><\/div><p>.doubleclick.net<\/p><\/td><td data-cs-i18n-text=\"{&quot;fr&quot;:&quot;1 an&quot;,&quot;en&quot;:&quot;1 year&quot;}\" data-cs-i18n-table-label=\"{&quot;fr&quot;:&quot;Expiration&quot;,&quot;en&quot;:&quot;Expiration&quot;}\">1 an<\/td><td data-cs-i18n-table-label=\"{&quot;fr&quot;:&quot;Description&quot;,&quot;en&quot;:&quot;Description&quot;}\">Ce cookie est d\u00e9fini par Doubleclick et fournit des informations sur la mani\u00e8re dont l&rsquo;utilisateur final utilise le site Web et sur toute publicit\u00e9 que l&rsquo;utilisateur final a pu voir avant de visiter ledit site Web.<\/td><\/tr><tr><td data-cs-i18n-table-label=\"{&quot;fr&quot;:&quot;Nom&quot;,&quot;en&quot;:&quot;Name&quot;}\">test_cookie<\/td><td data-cs-i18n-table-label=\"{&quot;fr&quot;:&quot;Fournisseur \\\/ Domaine&quot;,&quot;en&quot;:&quot;Provider \\\/ Domain&quot;}\"><div><a href=\"https:\/\/policies.google.com\/privacy\" target=\"_blank\" rel=\"nofollow noopener\">Google LLC<\/a><\/div><p>.doubleclick.net<\/p><\/td><td data-cs-i18n-text=\"{&quot;fr&quot;:&quot;15 minutes&quot;,&quot;en&quot;:&quot;15 minutes&quot;}\" data-cs-i18n-table-label=\"{&quot;fr&quot;:&quot;Expiration&quot;,&quot;en&quot;:&quot;Expiration&quot;}\">15 minutes<\/td><td data-cs-i18n-table-label=\"{&quot;fr&quot;:&quot;Description&quot;,&quot;en&quot;:&quot;Description&quot;}\">Ce cookie est d\u00e9fini par DoubleClick (qui appartient \u00e0 Google) pour d\u00e9terminer si le navigateur du visiteur du site Web prend en charge les cookies.<\/td><\/tr><\/tbody><\/table><h4>Cookies Fonctionnalit\u00e9<\/h4><p>Les cookies de fonctionnalit\u00e9 sont utilis\u00e9s pour m\u00e9moriser les informations des visiteurs sur le site Web, comme. la langue, le fuseau horaire, le contenu am\u00e9lior\u00e9.<\/p>\t\t\t\t\t\t\t\t<\/div>\n\t\t\t\t<\/div>\n\t\t\t\t\t<\/div>\n\t\t<\/div>\n\t\t\t\t\t<\/div>\n\t\t<\/section>\n\t\t\t\t<\/div>\n\t\t","protected":false},"excerpt":{"rendered":"<p>Politique cookies Politiques en mati\u00e8re de Cookie En naviguant sur le site http:\/\/www.h2o-am.com, un ou plusieurs cookies sont susceptibles d\u2019\u00eatre enregistr\u00e9s sur votre ordinateur, votre t\u00e9l\u00e9phone portable ou votre tablette. Cette section vous aide \u00e0 mieux comprendre le fonctionnement des cookies et \u00e0 param\u00e9trer votre navigateur Internet pour qu\u2019il les g\u00e8re correctement. Qu\u2019est-ce qu\u2019un cookie [&hellip;]<\/p>\n","protected":false},"author":7,"featured_media":0,"parent":0,"menu_order":0,"comment_status":"closed","ping_status":"closed","template":"","meta":{"_acf_changed":false,"footnotes":"","_links_to":"","_links_to_target":""},"class_list":["post-8483","page","type-page","status-publish","hentry"],"acf":[],"aioseo_notices":[],"_links":{"self":[{"href":"https:\/\/www.h2o-am.com\/fr\/wp-json\/wp\/v2\/pages\/8483","targetHints":{"allow":["GET"]}}],"collection":[{"href":"https:\/\/www.h2o-am.com\/fr\/wp-json\/wp\/v2\/pages"}],"about":[{"href":"https:\/\/www.h2o-am.com\/fr\/wp-json\/wp\/v2\/types\/page"}],"author":[{"embeddable":true,"href":"https:\/\/www.h2o-am.com\/fr\/wp-json\/wp\/v2\/users\/7"}],"replies":[{"embeddable":true,"href":"https:\/\/www.h2o-am.com\/fr\/wp-json\/wp\/v2\/comments?post=8483"}],"version-history":[{"count":24,"href":"https:\/\/www.h2o-am.com\/fr\/wp-json\/wp\/v2\/pages\/8483\/revisions"}],"predecessor-version":[{"id":12373,"href":"https:\/\/www.h2o-am.com\/fr\/wp-json\/wp\/v2\/pages\/8483\/revisions\/12373"}],"wp:attachment":[{"href":"https:\/\/www.h2o-am.com\/fr\/wp-json\/wp\/v2\/media?parent=8483"}],"curies":[{"name":"wp","href":"https:\/\/api.w.org\/{rel}","templated":true}]}}