{"id":13528,"date":"2024-03-06T19:26:17","date_gmt":"2024-03-06T19:26:17","guid":{"rendered":"https:\/\/www.h2o-am.com\/informativa-sui-cookie\/"},"modified":"2026-03-05T11:19:08","modified_gmt":"2026-03-05T11:19:08","slug":"informativa-sui-cookie","status":"publish","type":"page","link":"https:\/\/www.h2o-am.com\/it\/informativa-sui-cookie\/","title":{"rendered":"Informativa sui cookie"},"content":{"rendered":"\t\t<div data-elementor-type=\"wp-page\" data-elementor-id=\"13528\" class=\"elementor elementor-13528 elementor-8517\" data-elementor-post-type=\"page\">\n\t\t\t\t\t\t<section class=\"elementor-section elementor-top-section elementor-element elementor-element-9c2444e elementor-section-full_width elementor-section-height-default elementor-section-height-default\" data-id=\"9c2444e\" data-element_type=\"section\" data-e-type=\"section\">\n\t\t\t\t\t\t<div class=\"elementor-container elementor-column-gap-default\">\n\t\t\t\t\t<div class=\"elementor-column elementor-col-50 elementor-top-column elementor-element elementor-element-e31d327\" data-id=\"e31d327\" data-element_type=\"column\" data-e-type=\"column\">\n\t\t\t<div class=\"elementor-widget-wrap elementor-element-populated\">\n\t\t\t\t\t\t<section class=\"elementor-section elementor-inner-section elementor-element elementor-element-12b102c elementor-section-height-min-height elementor-section-content-middle elementor-section-boxed elementor-section-height-default\" data-id=\"12b102c\" data-element_type=\"section\" data-e-type=\"section\">\n\t\t\t\t\t\t<div class=\"elementor-container elementor-column-gap-default\">\n\t\t\t\t\t<div class=\"elementor-column elementor-col-100 elementor-inner-column elementor-element elementor-element-72dff0b\" data-id=\"72dff0b\" data-element_type=\"column\" data-e-type=\"column\" data-settings=\"{&quot;background_background&quot;:&quot;classic&quot;}\">\n\t\t\t<div class=\"elementor-widget-wrap elementor-element-populated\">\n\t\t\t\t\t\t<div class=\"elementor-element elementor-element-fa696f3 elementor-widget elementor-widget-heading\" data-id=\"fa696f3\" data-element_type=\"widget\" data-e-type=\"widget\" data-widget_type=\"heading.default\">\n\t\t\t\t<div class=\"elementor-widget-container\">\n\t\t\t\t\t<h2 class=\"elementor-heading-title elementor-size-default\">Informativa sui cookie<\/h2>\t\t\t\t<\/div>\n\t\t\t\t<\/div>\n\t\t\t\t\t<\/div>\n\t\t<\/div>\n\t\t\t\t\t<\/div>\n\t\t<\/section>\n\t\t\t\t\t<\/div>\n\t\t<\/div>\n\t\t\t\t<div class=\"elementor-column elementor-col-50 elementor-top-column elementor-element elementor-element-2dd6251\" data-id=\"2dd6251\" data-element_type=\"column\" data-e-type=\"column\">\n\t\t\t<div class=\"elementor-widget-wrap elementor-element-populated\">\n\t\t\t\t\t\t<div class=\"elementor-element elementor-element-21fdf94 elementor-widget elementor-widget-image\" data-id=\"21fdf94\" data-element_type=\"widget\" data-e-type=\"widget\" data-widget_type=\"image.default\">\n\t\t\t\t<div class=\"elementor-widget-container\">\n\t\t\t\t\t\t\t\t\t\t\t\t\t\t\t<img fetchpriority=\"high\" decoding=\"async\" width=\"800\" height=\"800\" src=\"https:\/\/www.h2o-am.com\/wp-content\/uploads\/2023\/12\/Visuel-H2o-04-1024x1024.jpg\" class=\"attachment-large size-large wp-image-14304\" alt=\"\" srcset=\"https:\/\/www.h2o-am.com\/wp-content\/uploads\/2023\/12\/Visuel-H2o-04-1024x1024.jpg 1024w, https:\/\/www.h2o-am.com\/wp-content\/uploads\/2023\/12\/Visuel-H2o-04-300x300.jpg 300w, https:\/\/www.h2o-am.com\/wp-content\/uploads\/2023\/12\/Visuel-H2o-04-150x150.jpg 150w, https:\/\/www.h2o-am.com\/wp-content\/uploads\/2023\/12\/Visuel-H2o-04-768x768.jpg 768w, https:\/\/www.h2o-am.com\/wp-content\/uploads\/2023\/12\/Visuel-H2o-04-1536x1536.jpg 1536w, https:\/\/www.h2o-am.com\/wp-content\/uploads\/2023\/12\/Visuel-H2o-04.jpg 2000w\" sizes=\"(max-width: 800px) 100vw, 800px\" \/>\t\t\t\t\t\t\t\t\t\t\t\t\t\t\t<\/div>\n\t\t\t\t<\/div>\n\t\t\t\t\t<\/div>\n\t\t<\/div>\n\t\t\t\t\t<\/div>\n\t\t<\/section>\n\t\t\t\t<section class=\"elementor-section elementor-top-section elementor-element elementor-element-0e2f69b elementor-section-boxed elementor-section-height-default elementor-section-height-default\" data-id=\"0e2f69b\" data-element_type=\"section\" data-e-type=\"section\">\n\t\t\t\t\t\t<div class=\"elementor-container elementor-column-gap-default\">\n\t\t\t\t\t<div class=\"elementor-column elementor-col-100 elementor-top-column elementor-element elementor-element-a3c8c2f\" data-id=\"a3c8c2f\" data-element_type=\"column\" data-e-type=\"column\">\n\t\t\t<div class=\"elementor-widget-wrap elementor-element-populated\">\n\t\t\t\t\t\t<div class=\"elementor-element elementor-element-4573057 elementor-widget elementor-widget-text-editor\" data-id=\"4573057\" data-element_type=\"widget\" data-e-type=\"widget\" data-widget_type=\"text-editor.default\">\n\t\t\t\t<div class=\"elementor-widget-container\">\n\t\t\t\t\t\t\t\t\t<h4>Utilizzo dei cookie<\/h4><p>Navigando sul sito web http:\/\/www.h2o-am.com, uno o pi\u00f9 cookie potrebbero essere memorizzati sul tuo computer, cellulare o tablet. Questa sezione ti aiuta a capire meglio come funzionano i cookie e come impostare il tuo browser internet per gestirli al meglio. <\/p><p><strong>Che cos&#8217;\u00e8 un biscotto?  <\/strong>I cookie sono piccoli file di testo che vengono inseriti nel tuo computer dai siti web che visiti. I siti web utilizzano i cookie per aiutare gli utenti a navigare in modo efficiente e a svolgere determinate funzioni. I cookie necessari al corretto funzionamento del sito web possono essere impostati senza il tuo consenso. Tutti gli altri cookie devono essere approvati prima di poter essere impostati nel browser.   <\/p><p><strong>Diversi potenziali emittenti Cookie di http:\/\/www.h2o-am.com (cookie di prima parte)<\/strong>: Il nostro sito web memorizza questi cookie sul tuo dispositivo al fine di soddisfare le esigenze di navigazione e ottimizzazione del nostro sito web.<\/p><p>Puoi modificare in qualsiasi momento il tuo consenso all&#8217;utilizzo dei cookie nella nostra scheda cookie nell&#8217;angolo in basso a sinistra.<\/p><p>Puoi scegliere di abilitare o disabilitare alcuni o tutti questi cookie, ma la disabilitazione di alcuni di essi potrebbe compromettere la tua esperienza di navigazione.<\/p><p>Per gestire i cookie nel modo pi\u00f9 adatto alle tue esigenze, puoi modificare le impostazioni del tuo browser in base alla sua configurazione per controllare o impedire la memorizzazione dei cookie:<\/p><ul><li>Internet Explorer\u2122: Menu Strumenti &gt; Opzioni Internet &gt; Privacy<\/li><\/ul><p>( <a href=\"http:\/\/windows.microsoft.com\/en-us\/windows-vista\/Block-or-allow-cookies\">Vedi http:\/\/windows.microsoft.com\/en-us\/windows-vista\/Block-or-allow-cookies)<\/a><\/p><ul><li>Safari\u2122: Menu Safari &gt; Preferenze &gt; Privacy<\/li><\/ul><p>( <a href=\"http:\/\/support.apple.com\/kb\/PH17191?viewlocale=en_US\">Vedi http:\/\/support.apple.com\/kb\/PH17191?viewlocale=en_US)<\/a><\/p><ul><li>Chrome\u2122: Menu Chrome (strumenti) &gt; Impostazioni &gt; Mostra impostazioni avanzate &gt; Privacy &gt; Impostazioni dei contenuti &gt; Cookie<\/li><\/ul><p>( <a href=\"https:\/\/support.google.com\/chrome\/answer\/114662\">Vedi https:\/\/support.google.com\/chrome\/answer\/114662)<\/a><\/p><ul><li>Firefox\u2122: Menu Strumenti &gt; Opzioni &gt; Privacy &gt; Cronologia &gt; Cookie<\/li><\/ul><p>( <a href=\"https:\/\/support.mozilla.org\/en-US\/kb\/enable-and-disable-cookies-website-preferences\">Vedi https:\/\/support.mozilla.org\/en-US\/kb\/enable-and-disable-cookies-website-preferences)<\/a><\/p><ul><li>Opera\u2122: Preferenze &gt; Avanzate &gt; Cookie ( <a href=\"http:\/\/help.opera.com\/Windows\/10.20\/en\/cookies.html\">Vedi http:\/\/help.opera.com\/Windows\/10.20\/en\/cookies.html)<\/a><\/li><\/ul><p>Utilizziamo i cookie per aiutarti a navigare in modo efficiente e per svolgere determinate funzioni. Informazioni dettagliate su tutti i cookie sono disponibili sotto ogni categoria di consenso. <\/p><p>I cookie classificati come &#8220;necessari&#8221; vengono memorizzati sul tuo browser in quanto sono essenziali per consentire le funzionalit\u00e0 di base del sito.<\/p><p>Utilizziamo anche cookie di terze parti che ci aiutano ad analizzare il modo in cui utilizzi questo sito web, a registrare le tue preferenze e a fornirti contenuti e pubblicit\u00e0 rilevanti per te. Questi cookie vengono memorizzati nel tuo browser solo previo tuo consenso. <\/p><p><strong>Cookie di terze parti:<\/strong> Questi cookie sono impostati da societ\u00e0 terze, come fornitori di servizi o partner. Ad esempio: <\/p><ul><li>Le pagine web possono contenere componenti memorizzati su altri server di dominio.<\/li><\/ul><p>(immagini o altri contenuti incorporati: video di YouTube, presentazioni di Flickr, ecc.) Questi siti web possono impostare i propri cookie quando gli utenti accedono a questi componenti esterni durante la navigazione. <\/p><ul><li>I siti web possono utilizzare i servizi di una societ\u00e0 terza per analizzare il proprio pubblico. L&#8217;azienda definisce un proprio cookie per svolgere questo servizio. <\/li><li>I siti web possono anche utilizzare una rete pubblicitaria di terze parti per trasmettere gli annunci. Questo sito non utilizza alcun servizio pubblicitario. <\/li><li>I siti di social network possono impostare i cookie per la condivisione dei contenuti o per generare statistiche di accesso quando si clicca sui &#8220;pulsanti di condivisione&#8221;.<\/li><\/ul><p> <\/p><h4>Cookie richiesti<\/h4><p><em>Sempre attivo<\/em><\/p><p>I cookie necessari sono fondamentali per le funzioni di base del sito web, che senza di essi non funzionerebbe come previsto. Questi cookie non memorizzano alcun dato di identificazione personale. <\/p><table class=\"cookiescript_fsd_cookies_table\" data-cs-table-report=\"cookiescript\"><thead><tr><th scope=\"col\" data-cs-report-name=\"true\" data-cs-i18n-text=\"{\"fr\":\"Nom\",\"en\":\"Name\"}\">Nome<\/th><th scope=\"col\" data-cs-i18n-text=\"{\"fr\":\"Fournisseur \\\/ Domaine\",\"en\":\"Provider \\\/ Domain\"}\">Fornitore \/ Dominio<\/th><th scope=\"col\" data-cs-report-expiration=\"true\" data-cs-i18n-text=\"{\"fr\":\"Expiration\",\"en\":\"Expiration\"}\">Scadenza<\/th><th scope=\"col\" data-cs-report-description=\"true\" data-cs-i18n-text=\"{\"fr\":\"Description\",\"en\":\"Description\"}\">Descrizione del dominio<\/th><\/tr><\/thead><tbody><tr><td data-cs-i18n-table-label=\"{\"fr\":\"Nom\",\"en\":\"Name\"}\">wp-wpml_current_language<\/td><td data-cs-i18n-table-label=\"{\"fr\":\"Fournisseur \\\/ Domaine\",\"en\":\"Provider \\\/ Domain\"}\"><div class=\"cookiescript_vendor_name\"><a href=\"https:\/\/wpml.org\/documentation\/privacy-policy-and-gdpr-compliance\/\" target=\"_blank\" rel=\"nofollow noopener\">OnTheGoSystems Ltd.<\/a><\/div>www.h2o-am.com<\/td><td data-cs-i18n-text=\"{\"fr\":\"Session\",\"en\":\"Session\"}\" data-cs-i18n-table-label=\"{\"fr\":\"Expiration\",\"en\":\"Expiration\"}\">Sessione<\/td><td data-cs-i18n-table-label=\"{\"fr\":\"Description\",\"en\":\"Description\"}\"><span data-cs-i18n-text=\"{\"fr\":\"Stocke la langue actuelle. Par d\\u00e9faut, ce cookie est d\\u00e9fini uniquement pour les utilisateurs connect\\u00e9s. Si vous activez le cookie de langue pour prendre en charge le filtrage AJAX, ce cookie sera \\u00e9galement d\\u00e9fini pour les utilisateurs qui ne sont pas connect\\u00e9s.\",\"en\":\"Stores the current language. By default, this cookie is set only for logged-in users. If you\\u00a0enable the language cookie to support AJAX filtering, this cookie will also be set for users who are not logged in.\"}\">Memorizza la lingua corrente. Per impostazione predefinita, questo cookie viene impostato solo per gli utenti connessi. Se attivi il cookie della lingua per supportare il filtro AJAX, questo cookie verr\u00e0 impostato anche per gli utenti che non hanno effettuato l&#8217;accesso.  <\/span><\/td><\/tr><tr><td data-cs-i18n-table-label=\"{\"fr\":\"Nom\",\"en\":\"Name\"}\">cookie s\u00ec-consenso<\/td><td data-cs-i18n-table-label=\"{\"fr\":\"Fournisseur \\\/ Domaine\",\"en\":\"Provider \\\/ Domain\"}\"><div class=\"cookiescript_vendor_name\"><a href=\"https:\/\/www.cookieyes.com\/privacy-policy\/\" target=\"_blank\" rel=\"nofollow noopener\">CookieS\u00ec<\/a><\/div>www.h2o-am.com<\/td><td data-cs-i18n-text=\"{\"fr\":\"1 an\",\"en\":\"1 year\"}\" data-cs-i18n-table-label=\"{\"fr\":\"Expiration\",\"en\":\"Expiration\"}\">1 anno<\/td><td data-cs-i18n-table-label=\"{\"fr\":\"Description\",\"en\":\"Description\"}\"><span data-cs-i18n-text=\"{\"fr\":\"Ce cookie est utilis\\u00e9 pour rappeler le consentement de l'utilisateur \\u00e0 l'utilisation des cookies sur le site.\",\"en\":\"This cookie is used to remember the user's consent to the use of cookies on the website.\"}\">Questo cookie viene utilizzato per ricordare il consenso dell&#8217;utente all&#8217;utilizzo dei cookie sul sito web.<\/span><\/td><\/tr><tr><td data-cs-i18n-table-label=\"{\"fr\":\"Nom\",\"en\":\"Name\"}\">CookieScriptConsent<\/td><td data-cs-i18n-table-label=\"{\"fr\":\"Fournisseur \\\/ Domaine\",\"en\":\"Provider \\\/ Domain\"}\"><div class=\"cookiescript_vendor_name\"><a href=\"https:\/\/cookie-script.com\/privacy-policy.html\" target=\"_blank\" rel=\"nofollow noopener\">CookieScript<\/a><\/div>www.h2o-am.com<\/td><td data-cs-i18n-text=\"{\"fr\":\"1 mois\",\"en\":\"1 month\"}\" data-cs-i18n-table-label=\"{\"fr\":\"Expiration\",\"en\":\"Expiration\"}\">1 mese<\/td><td data-cs-i18n-table-label=\"{\"fr\":\"Description\",\"en\":\"Description\"}\"><span data-cs-i18n-text=\"{\"fr\":\"Ce cookie est utilis\\u00e9 par le service Cookie-Script.com pour m\\u00e9moriser les pr\\u00e9f\\u00e9rences de consentement des visiteurs en mati\\u00e8re de cookies. Il est n\\u00e9cessaire que la banni\\u00e8re de cookies Cookie-Script.com fonctionne correctement.\",\"en\":\"This cookie is used by Cookie-Script.com service to remember visitor cookie consent preferences. It is necessary for Cookie-Script.com cookie banner to work properly.\"}\">Questo cookie \u00e8 utilizzato dal servizio Cookie-Script.com per ricordare le preferenze di consenso dei visitatori. \u00c8 necessario affinch\u00e9 il banner dei cookie di Cookie-Script.com funzioni correttamente. <\/span><\/td><\/tr><tr><td data-cs-i18n-table-label=\"{\"fr\":\"Nom\",\"en\":\"Name\"}\">PHPSESSID<\/td><td data-cs-i18n-table-label=\"{\"fr\":\"Fournisseur \\\/ Domaine\",\"en\":\"Provider \\\/ Domain\"}\"><div class=\"cookiescript_vendor_name\"><a href=\"https:\/\/www.php.net\/privacy.php\" target=\"_blank\" rel=\"nofollow noopener\">PHP.net<\/a><\/div>h2o-am.com<\/td><td data-cs-i18n-text=\"{\"fr\":\"Session\",\"en\":\"Session\"}\" data-cs-i18n-table-label=\"{\"fr\":\"Expiration\",\"en\":\"Expiration\"}\">Sessione<\/td><td data-cs-i18n-table-label=\"{\"fr\":\"Description\",\"en\":\"Description\"}\"><span data-cs-i18n-text=\"{\"fr\":\"Cookie g\\u00e9n\\u00e9r\\u00e9 par des applications bas\\u00e9es sur le langage PHP. Il s'agit d'un identifiant \\u00e0 usage g\\u00e9n\\u00e9ral utilis\\u00e9 pour g\\u00e9rer les variables de session utilisateur. Il s'agit normalement d'un nombre g\\u00e9n\\u00e9r\\u00e9 de mani\\u00e8re al\\u00e9atoire, la fa\\u00e7on dont il est utilis\\u00e9 peut \\u00eatre sp\\u00e9cifique au site, mais un bon exemple est le maintien d'un statut de connexion pour un utilisateur entre les pages.\",\"en\":\"Cookie generated by applications based on the PHP language. This is a general purpose identifier used to maintain user session variables. It is normally a random generated number, how it is used can be specific to the site, but a good example is maintaining a logged-in status for a user between pages.\"}\">Cookie generato da applicazioni basate sul linguaggio PHP. Si tratta di un identificatore generico utilizzato per mantenere le variabili di sessione dell&#8217;utente. Di solito \u00e8 un numero generato in modo casuale; il modo in cui viene utilizzato pu\u00f2 essere specifico per il sito, ma un buon esempio \u00e8 il mantenimento dello stato di accesso di un utente tra le pagine.  <\/span><\/td><\/tr><\/tbody><\/table><h4> <\/h4><h4>Cookie di prestazione<\/h4><p>I cookie di prestazione vengono utilizzati per comprendere e analizzare gli indicatori chiave di prestazione del sito web, aiutando a fornire una migliore esperienza d&#8217;uso ai visitatori.<\/p><table class=\"cookiescript_fsd_cookies_table\" data-cs-table-report=\"cookiescript\"><thead><tr><th scope=\"col\" data-cs-report-name=\"true\" data-cs-i18n-text=\"{\"fr\":\"Nom\",\"en\":\"Name\"}\">Nome<\/th><th scope=\"col\" data-cs-i18n-text=\"{\"fr\":\"Fournisseur \\\/ Domaine\",\"en\":\"Provider \\\/ Domain\"}\">Fornitore \/ Dominio<\/th><th scope=\"col\" data-cs-report-expiration=\"true\" data-cs-i18n-text=\"{\"fr\":\"Expiration\",\"en\":\"Expiration\"}\">Scadenza<\/th><th scope=\"col\" data-cs-report-description=\"true\" data-cs-i18n-text=\"{\"fr\":\"Description\",\"en\":\"Description\"}\">Descrizione del dominio<\/th><\/tr><\/thead><tbody><tr><td data-cs-i18n-table-label=\"{\"fr\":\"Nom\",\"en\":\"Name\"}\">_ga<\/td><td data-cs-i18n-table-label=\"{\"fr\":\"Fournisseur \\\/ Domaine\",\"en\":\"Provider \\\/ Domain\"}\"><div class=\"cookiescript_vendor_name\"><a href=\"https:\/\/policies.google.com\/privacy\" target=\"_blank\" rel=\"nofollow noopener\">Google LLC<\/a><\/div>.h2o-am.com<\/td><td data-cs-i18n-text=\"{\"fr\":\"1 an 1 mois\",\"en\":\"1 year 1 month\"}\" data-cs-i18n-table-label=\"{\"fr\":\"Expiration\",\"en\":\"Expiration\"}\">1 anno 1 mese<\/td><td data-cs-i18n-table-label=\"{\"fr\":\"Description\",\"en\":\"Description\"}\"><span data-cs-i18n-text=\"{\"fr\":\"Ce nom de cookie est associ\\u00e9 \\u00e0 Google Universal Analytics - qui est une mise \\u00e0 jour importante du service d'analyse le plus couramment utilis\\u00e9 de Google. Ce cookie est utilis\\u00e9 pour distinguer les utilisateurs uniques en attribuant un num\\u00e9ro g\\u00e9n\\u00e9r\\u00e9 al\\u00e9atoirement comme identifiant client. Il est inclus dans chaque demande de page d'un site et utilis\\u00e9 pour calculer les donn\\u00e9es de visiteur, de session et de campagne pour les rapports d'analyse du site.\",\"en\":\"This cookie name is associated with Google Universal Analytics - which is a significant update to Google's more commonly used analytics service. This cookie is used to distinguish unique users by assigning a randomly generated number as a client identifier. It is included in each page request in a site and used to calculate visitor, session and campaign data for the sites analytics reports. \"}\">Questo nome di cookie \u00e8 associato a Google Universal Analytics, un aggiornamento significativo del servizio di analisi pi\u00f9 comunemente utilizzato da Google. Questo cookie viene utilizzato per distinguere gli utenti unici assegnando un numero generato casualmente come identificatore del cliente. Viene incluso in ogni richiesta di pagina di un sito e utilizzato per calcolare i dati dei visitatori, delle sessioni e delle campagne per i report analitici del sito.  <\/span><\/td><\/tr><tr><td data-cs-i18n-table-label=\"{\"fr\":\"Nom\",\"en\":\"Name\"}\">_ga_PDX59H9C50<\/td><td data-cs-i18n-table-label=\"{\"fr\":\"Fournisseur \\\/ Domaine\",\"en\":\"Provider \\\/ Domain\"}\">.h2o-am.com<\/td><td data-cs-i18n-text=\"{\"fr\":\"1 an 1 mois\",\"en\":\"1 year 1 month\"}\" data-cs-i18n-table-label=\"{\"fr\":\"Expiration\",\"en\":\"Expiration\"}\">1 anno 1 mese<\/td><td data-cs-i18n-table-label=\"{\"fr\":\"Description\",\"en\":\"Description\"}\"><span data-cs-i18n-text=\"{\"fr\":\"Ce cookie est utilis\\u00e9 par Google Analytics pour conserver l'\\u00e9tat de la session.\",\"en\":\"This cookie is used by Google Analytics to persist session state.\"}\">Questo cookie \u00e8 utilizzato da Google Analytics per mantenere lo stato della sessione.<\/span><\/td><\/tr><\/tbody><\/table><h4>Cookie mirati<\/h4><p>I cookie di targeting sono utilizzati per identificare i visitatori tra diversi siti web, ad esempio partner di contenuti, reti di banner. Questi cookie possono essere utilizzati dalle aziende per creare un profilo degli interessi dei visitatori o per mostrare annunci pertinenti su altri siti web.  <\/p><table class=\"cookiescript_fsd_cookies_table\" data-cs-table-report=\"cookiescript\"><thead><tr><th scope=\"col\" data-cs-report-name=\"true\" data-cs-i18n-text=\"{\"fr\":\"Nom\",\"en\":\"Name\"}\">Nome<\/th><th scope=\"col\" data-cs-i18n-text=\"{\"fr\":\"Fournisseur \\\/ Domaine\",\"en\":\"Provider \\\/ Domain\"}\">Fornitore \/ Dominio<\/th><th scope=\"col\" data-cs-report-expiration=\"true\" data-cs-i18n-text=\"{\"fr\":\"Expiration\",\"en\":\"Expiration\"}\">Scadenza<\/th><th scope=\"col\" data-cs-report-description=\"true\" data-cs-i18n-text=\"{\"fr\":\"Description\",\"en\":\"Description\"}\">Descrizione del dominio<\/th><\/tr><\/thead><tbody><tr><td data-cs-i18n-table-label=\"{\"fr\":\"Nom\",\"en\":\"Name\"}\">IDE<\/td><td data-cs-i18n-table-label=\"{\"fr\":\"Fournisseur \\\/ Domaine\",\"en\":\"Provider \\\/ Domain\"}\"><div class=\"cookiescript_vendor_name\"><a href=\"https:\/\/policies.google.com\/privacy\" target=\"_blank\" rel=\"nofollow noopener\">Google LLC<\/a><\/div>.doubleclick.net<\/td><td data-cs-i18n-text=\"{\"fr\":\"1 an\",\"en\":\"1 year\"}\" data-cs-i18n-table-label=\"{\"fr\":\"Expiration\",\"en\":\"Expiration\"}\">1 anno<\/td><td data-cs-i18n-table-label=\"{\"fr\":\"Description\",\"en\":\"Description\"}\"><span data-cs-i18n-text=\"{\"fr\":\"Ce cookie est d\\u00e9fini par Doubleclick et fournit des informations sur la mani\\u00e8re dont l'utilisateur final utilise le site Web et sur toute publicit\\u00e9 que l'utilisateur final a pu voir avant de visiter ledit site Web.\",\"en\":\"This cookie is set by Doubleclick and carries out information about how the end user uses the website and any advertising that the end user may have seen before visiting the said website.\"}\">Questo cookie \u00e8 impostato da Doubleclick e fornisce informazioni sull&#8217;utilizzo del sito web da parte dell&#8217;utente finale e sulla pubblicit\u00e0 che l&#8217;utente finale potrebbe aver visto prima di visitare il sito web in questione.<\/span><\/td><\/tr><tr><td data-cs-i18n-table-label=\"{\"fr\":\"Nom\",\"en\":\"Name\"}\">test_cookie<\/td><td data-cs-i18n-table-label=\"{\"fr\":\"Fournisseur \\\/ Domaine\",\"en\":\"Provider \\\/ Domain\"}\"><div class=\"cookiescript_vendor_name\"><a href=\"https:\/\/policies.google.com\/privacy\" target=\"_blank\" rel=\"nofollow noopener\">Google LLC<\/a><\/div>.doubleclick.net<\/td><td data-cs-i18n-text=\"{\"fr\":\"15 minutes\",\"en\":\"15 minutes\"}\" data-cs-i18n-table-label=\"{\"fr\":\"Expiration\",\"en\":\"Expiration\"}\">15 minuti<\/td><td data-cs-i18n-table-label=\"{\"fr\":\"Description\",\"en\":\"Description\"}\"><span data-cs-i18n-text=\"{\"fr\":\"Ce cookie est d\\u00e9fini par DoubleClick (qui appartient \\u00e0 Google) pour d\\u00e9terminer si le navigateur du visiteur du site Web prend en charge les cookies.\",\"en\":\"This cookie is set by DoubleClick (which is owned by Google) to determine if the website visitor's browser supports cookies.\"}\">Questo cookie viene impostato da DoubleClick (di propriet\u00e0 di Google) per determinare se il browser del visitatore del sito web supporta i cookie.<\/span><\/td><\/tr><\/tbody><\/table><h4>Cookie di funzionalit\u00e0<\/h4><p>I cookie di funzionalit\u00e0 sono utilizzati per ricordare le informazioni dei visitatori sul sito web, ad esempio la lingua, il fuso orario, i contenuti avanzati. <\/p>\t\t\t\t\t\t\t\t<\/div>\n\t\t\t\t<\/div>\n\t\t\t\t\t<\/div>\n\t\t<\/div>\n\t\t\t\t\t<\/div>\n\t\t<\/section>\n\t\t\t\t<section class=\"elementor-section elementor-top-section elementor-element elementor-element-44b7659 elementor-section-boxed elementor-section-height-default elementor-section-height-default\" data-id=\"44b7659\" data-element_type=\"section\" data-e-type=\"section\">\n\t\t\t\t\t\t<div class=\"elementor-container elementor-column-gap-default\">\n\t\t\t\t\t<div class=\"elementor-column elementor-col-100 elementor-top-column elementor-element elementor-element-2921eea\" data-id=\"2921eea\" data-element_type=\"column\" data-e-type=\"column\">\n\t\t\t<div class=\"elementor-widget-wrap\">\n\t\t\t\t\t\t\t<\/div>\n\t\t<\/div>\n\t\t\t\t\t<\/div>\n\t\t<\/section>\n\t\t\t\t<\/div>\n\t\t","protected":false},"excerpt":{"rendered":"<p>Informativa sui cookie Utilizzo dei cookie Navigando sul sito web http:\/\/www.h2o-am.com, uno o pi\u00f9 cookie potrebbero essere memorizzati sul tuo computer, cellulare o tablet. Questa sezione ti aiuta a capire meglio come funzionano i cookie e come impostare il tuo browser internet per gestirli al meglio. Che cos&#8217;\u00e8 un biscotto? I cookie sono piccoli file [&hellip;]<\/p>\n","protected":false},"author":7,"featured_media":0,"parent":0,"menu_order":0,"comment_status":"closed","ping_status":"closed","template":"","meta":{"_acf_changed":false,"footnotes":"","_links_to":"","_links_to_target":""},"class_list":["post-13528","page","type-page","status-publish","hentry"],"acf":[],"aioseo_notices":[],"_links":{"self":[{"href":"https:\/\/www.h2o-am.com\/it\/wp-json\/wp\/v2\/pages\/13528","targetHints":{"allow":["GET"]}}],"collection":[{"href":"https:\/\/www.h2o-am.com\/it\/wp-json\/wp\/v2\/pages"}],"about":[{"href":"https:\/\/www.h2o-am.com\/it\/wp-json\/wp\/v2\/types\/page"}],"author":[{"embeddable":true,"href":"https:\/\/www.h2o-am.com\/it\/wp-json\/wp\/v2\/users\/7"}],"replies":[{"embeddable":true,"href":"https:\/\/www.h2o-am.com\/it\/wp-json\/wp\/v2\/comments?post=13528"}],"version-history":[{"count":1,"href":"https:\/\/www.h2o-am.com\/it\/wp-json\/wp\/v2\/pages\/13528\/revisions"}],"predecessor-version":[{"id":13529,"href":"https:\/\/www.h2o-am.com\/it\/wp-json\/wp\/v2\/pages\/13528\/revisions\/13529"}],"wp:attachment":[{"href":"https:\/\/www.h2o-am.com\/it\/wp-json\/wp\/v2\/media?parent=13528"}],"curies":[{"name":"wp","href":"https:\/\/api.w.org\/{rel}","templated":true}]}}